{"id":9717,"date":"2025-11-20T15:12:26","date_gmt":"2025-11-20T14:12:26","guid":{"rendered":"https:\/\/aabenkirkeodense.dk\/?page_id=9717"},"modified":"2025-11-21T12:18:27","modified_gmt":"2025-11-21T11:18:27","slug":"gospel-i-abenkirkeodense","status":"publish","type":"page","link":"https:\/\/aabenkirkeodense.dk\/en\/gospel-i-abenkirkeodense\/","title":{"rendered":"Jule-Gospelgudstjeneste i \u00c5benkirke"},"content":{"rendered":"<h2 class=\"wp-block-heading\">Jule-Gospelgudstjeneste i \u00c5benkirke<\/h2>\n\n\n\n<h3 class=\"wp-block-heading\">PRAKTISK INFO:<\/h3>\n\n\n\n<p><strong>Dato:<\/strong> S\u00f8ndag d. 21. december<br><strong>Tid:<\/strong> Kl. 10.30 \u2013 ca. 13.00<br><strong>Sted:<\/strong> \u00c5benkirke Odense, Thorsgade 40, 5000 Odense C<br><strong>Online:<\/strong> F\u00f8lg med live p\u00e5 YouTube \u2013 s\u00f8g p\u00e5 <strong>@aabenkirkeodense<\/strong><\/p>\n\n\n\n<hr class=\"wp-block-separator has-alpha-channel-opacity\"\/>\n\n\n\n<h3 class=\"wp-block-heading\">HVAD SKER DER?<\/h3>\n\n\n\n<p>Vi inviterer til en s\u00e6rlig <strong>julegospelgudstjeneste<\/strong> fyldt med gl\u00e6de, varme og musikalsk n\u00e6rv\u00e6r \u2013 en del af \u00c5benkirkes adventsrejse under temaet:<br><strong>\u201cRejsen ind i tilbedelse\u201d<\/strong> \u2013 en rejse, der kulminerer hos Jesus julemorgen.<\/p>\n\n\n\n<p>Denne dag g\u00e6stes vi af det fantastiske <strong>gospelkor Nardus<\/strong> fra Odense Metodistkirke, ledet af <strong>Mette Risager<\/strong>, akkompagneret af <strong>Torben Lykke Olesen<\/strong> fra \u00c5benkirke Odense.<\/p>\n\n\n\n<hr class=\"wp-block-separator has-alpha-channel-opacity\"\/>\n\n\n\n<h3 class=\"wp-block-heading\">PROGRAM<\/h3>\n\n\n\n<figure class=\"wp-block-table\"><table class=\"has-fixed-layout\"><thead><tr><th>Tidspunkt<\/th><th>Indhold<\/th><\/tr><\/thead><tbody><tr><td>10.30<\/td><td>Introsang<\/td><\/tr><tr><td>10.35<\/td><td>Velkomst<\/td><\/tr><tr><td>10.40<\/td><td>Gospel med Nardus \u2013 Del 1<\/td><\/tr><tr><td>11.10<\/td><td>Juleandagt \/v Morten Rasmussen<\/td><\/tr><tr><td>11.25<\/td><td>Gospel med Nardus \u2013 Del 2<\/td><\/tr><tr><td>11.55<\/td><td>Information<\/td><\/tr><tr><td>11.58<\/td><td>Afsluttende sang<\/td><\/tr><tr><td>12.00<\/td><td>Juleservering i caf\u00e9omr\u00e5det<\/td><\/tr><tr><td>13.00<\/td><td><strong>Uddeling af julehj\u00e6lp<\/strong> i Familienetv\u00e6rket (ans\u00f8gning n\u00f8dvendig)<\/td><\/tr><\/tbody><\/table><\/figure>\n\n\n\n<hr class=\"wp-block-separator has-alpha-channel-opacity\"\/>\n\n\n\n<h3 class=\"wp-block-heading\">ANKOMST TIL KIRKEN<\/h3>\n\n\n\n<p>Parkering: <a href=\"https:\/\/aabenkirkeodense.dk\/en\/parkering\/\" target=\"_blank\" rel=\"noopener\" title=\"Se her\">Se her<\/a><\/p>\n\n\n\n<p>D\u00f8rene \u00e5bner kl. 9.45, og vi opfordrer til at tr\u00e6kke frem i salen, s\u00e5 sidstankommende trygt kan finde en plads.<\/p>\n\n\n\n<p>Det er ogs\u00e5 muligt at sidde p\u00e5 balkonen, dog kan udsynet v\u00e6re begr\u00e6nset.<\/p>\n\n\n\n<hr class=\"wp-block-separator has-alpha-channel-opacity\"\/>\n\n\n\n<h3 class=\"wp-block-heading\">SERVERING<\/h3>\n\n\n\n<p>Efter gudstjenesten byder vi p\u00e5 <strong>l\u00e6kker juleservering<\/strong> \u2013 kom og hyg dig med varme drikke og s\u00f8de julegodter i godt selskab.<\/p>\n\n\n\n<hr class=\"wp-block-separator has-alpha-channel-opacity\"\/>\n\n\n\n<h3 class=\"wp-block-heading\">JULEHJ\u00c6LP<\/h3>\n\n\n\n<p><strong>Kl. 13.00<\/strong> uddeles <strong>julehj\u00e6lp<\/strong> til tilmeldte familier i regi af Familienetv\u00e6rket.<\/p>\n\n\n\n<hr class=\"wp-block-separator has-alpha-channel-opacity\"\/>\n\n\n\n<h3 class=\"wp-block-heading\">FOR HVEM?<\/h3>\n\n\n\n<p>Gudstjenesten er <strong>\u00e5ben for alle<\/strong> \u2013 uanset om du er vant til at g\u00e5 i kirke eller kigger forbi for f\u00f8rste gang. Du er hjertelig velkommen!<\/p>\n\n\n\n<hr class=\"wp-block-separator has-alpha-channel-opacity\"\/>\n\n\n\n<h3 class=\"wp-block-heading\">TILMELDING<\/h3>\n\n\n\n<p><strong><a href=\"https:\/\/oco.churchsuite.com\/-\/forms\/0c70o6kc\" target=\"_blank\" rel=\"noopener\" title=\"Tilmelding sker her.\">Tilmelding sker her.<\/a><\/strong> &#8211; Af hensyn til serveringen.<\/p>\n\n\n\n<hr class=\"wp-block-separator has-alpha-channel-opacity\"\/>\n\n\n\n<h3 class=\"wp-block-heading\">OM NARDUS<\/h3>\n\n\n\n<p>Nardus er et passioneret gospelkor fra Odense Metodistkirke. Koret er kendt for deres st\u00e6rke udtryk, inderlighed og evne til at formidle evangeliet gennem sang.<\/p>\n\n\n\n<hr class=\"wp-block-separator has-alpha-channel-opacity\"\/>\n\n\n\n<h3 class=\"wp-block-heading\">DEL GERNE!<\/h3>\n\n\n\n<p>Invit\u00e9r venner, familie og naboer med. Julegospelgudstjenesten er en oplagt anledning til at opleve \u00c5benkirke og julens budskab p\u00e5 en levende og musikalsk m\u00e5de.<\/p>\n\n\n\n<hr class=\"wp-block-separator has-alpha-channel-opacity\"\/>\n\n\n\n<p><strong>Vi gl\u00e6der os til at fejre julens h\u00e5b og gl\u00e6de sammen med dig!<\/strong><\/p>\n\n\n\n<p><\/p>","protected":false},"excerpt":{"rendered":"<p>Jule-Gospelgudstjeneste i \u00c5benkirke PRAKTISK INFO: Dato: S\u00f8ndag d. 21. decemberTid: Kl. 10.30 \u2013 ca. 13.00Sted: \u00c5benkirke Odense, Thorsgade 40, 5000 Odense COnline: F\u00f8lg med live p\u00e5 YouTube \u2013 s\u00f8g p\u00e5 @aabenkirkeodense HVAD SKER DER? Vi inviterer til en s\u00e6rlig julegospelgudstjeneste fyldt med gl\u00e6de, varme og musikalsk n\u00e6rv\u00e6r \u2013 en del af \u00c5benkirkes adventsrejse under temaet:\u201cRejsen [&hellip;]<\/p>\n","protected":false},"author":3,"featured_media":9683,"parent":0,"menu_order":0,"comment_status":"closed","ping_status":"closed","template":"","meta":{"footnotes":""},"class_list":["post-9717","page","type-page","status-publish","has-post-thumbnail","hentry"],"aioseo_notices":[],"publishpress_future_action":{"enabled":false,"date":"2026-05-22 06:05:49","action":"change-status","newStatus":"draft","terms":[],"taxonomy":"","extraData":[]},"publishpress_future_workflow_manual_trigger":{"enabledWorkflows":[]},"_links":{"self":[{"href":"https:\/\/aabenkirkeodense.dk\/en\/wp-json\/wp\/v2\/pages\/9717","targetHints":{"allow":["GET"]}}],"collection":[{"href":"https:\/\/aabenkirkeodense.dk\/en\/wp-json\/wp\/v2\/pages"}],"about":[{"href":"https:\/\/aabenkirkeodense.dk\/en\/wp-json\/wp\/v2\/types\/page"}],"author":[{"embeddable":true,"href":"https:\/\/aabenkirkeodense.dk\/en\/wp-json\/wp\/v2\/users\/3"}],"replies":[{"embeddable":true,"href":"https:\/\/aabenkirkeodense.dk\/en\/wp-json\/wp\/v2\/comments?post=9717"}],"version-history":[{"count":4,"href":"https:\/\/aabenkirkeodense.dk\/en\/wp-json\/wp\/v2\/pages\/9717\/revisions"}],"predecessor-version":[{"id":9741,"href":"https:\/\/aabenkirkeodense.dk\/en\/wp-json\/wp\/v2\/pages\/9717\/revisions\/9741"}],"wp:featuredmedia":[{"embeddable":true,"href":"https:\/\/aabenkirkeodense.dk\/en\/wp-json\/wp\/v2\/media\/9683"}],"wp:attachment":[{"href":"https:\/\/aabenkirkeodense.dk\/en\/wp-json\/wp\/v2\/media?parent=9717"}],"curies":[{"name":"wp","href":"https:\/\/api.w.org\/{rel}","templated":true}]}}