{"id":8597,"date":"2025-07-25T12:09:49","date_gmt":"2025-07-25T10:09:49","guid":{"rendered":"https:\/\/aabenkirkeodense.dk\/familienetvaerk\/"},"modified":"2025-10-29T15:11:32","modified_gmt":"2025-10-29T14:11:32","slug":"social-mission","status":"publish","type":"page","link":"https:\/\/aabenkirkeodense.dk\/en\/social-mission\/","title":{"rendered":"Social mission"},"content":{"rendered":"<div data-colibri-id=\"8597-c1\" class=\"style-2304 style-local-8597-c1 position-relative\">\n  <!---->\n  <div data-colibri-component=\"section\" data-colibri-id=\"8597-c2\" id=\"reusable-sections\" class=\"h-section h-section-global-spacing d-flex align-items-lg-end align-items-md-end align-items-end style-2305 style-local-8597-c2 position-relative\">\n    <div class=\"background-wrapper\">\n      <div class=\"background-layer background-layer-media-container-lg\">\n        <!---->\n        <div class=\"overlay-layer\">\n          <div class=\"overlay-image-layer\" style=\"background-color: rgb(0, 0, 0); opacity: 0.16;\"><\/div>\n        <\/div>\n      <\/div>\n      <div class=\"background-layer background-layer-media-container-md\">\n        <!---->\n        <div class=\"overlay-layer\">\n          <div class=\"overlay-image-layer\" style=\"background-color: rgb(0, 0, 0); opacity: 0.16;\"><\/div>\n        <\/div>\n      <\/div>\n      <div class=\"background-layer background-layer-media-container\">\n        <!---->\n        <div class=\"overlay-layer\">\n          <div class=\"overlay-image-layer\" style=\"background-color: rgb(0, 0, 0); opacity: 0.16;\"><\/div>\n        <\/div>\n      <\/div>\n    <\/div>\n    <!---->\n    <div class=\"h-section-grid-container h-section-boxed-container\">\n      <!---->\n      <div data-colibri-id=\"8597-c3\" class=\"h-row-container gutters-row-lg-1 gutters-row-md-1 gutters-row-2 gutters-row-v-lg-1 gutters-row-v-md-1 gutters-row-v-2 style-2306 style-local-8597-c3 position-relative\">\n        <!---->\n        <div class=\"h-row justify-content-lg-center justify-content-md-center justify-content-center align-items-lg-stretch align-items-md-stretch align-items-stretch gutters-col-lg-1 gutters-col-md-1 gutters-col-2 gutters-col-v-lg-1 gutters-col-v-md-1 gutters-col-v-2\">\n          <!---->\n          <div class=\"h-column h-column-container d-flex h-col-lg-auto h-col-md-auto h-col-auto style-2307-outer style-local-8597-c4-outer\">\n            <div data-colibri-id=\"8597-c4\" class=\"d-flex h-flex-basis h-column__inner h-px-lg-1 h-px-md-1 h-px-1 v-inner-lg-1 v-inner-md-1 v-inner-1 style-2307 style-local-8597-c4 position-relative\">\n              <!---->\n              <!---->\n              <div class=\"w-100 h-y-container h-column__content h-column__v-align flex-basis-100 align-self-lg-start align-self-md-start align-self-start\">\n                <!---->\n                <div data-colibri-id=\"8597-c5\" class=\"h-global-transition-all h-heading style-2308 style-local-8597-c5 position-relative h-element\">\n                  <!---->\n                  <div class=\"h-heading__outer style-2308 style-local-8597-c5\">\n                    <!---->\n                    <!---->\n                    <h1 class=\"\">Family network<\/h1>\n                  <\/div>\n                <\/div>\n              <\/div>\n            <\/div>\n          <\/div>\n        <\/div>\n      <\/div>\n    <\/div>\n  <\/div>\n  <div data-colibri-component=\"section\" data-colibri-id=\"8597-c6\" id=\"reusable-sections-2\" class=\"h-section h-section-global-spacing d-flex align-items-lg-center align-items-md-center align-items-center style-2309 style-local-8597-c6 position-relative\">\n    <!---->\n    <!---->\n    <div class=\"h-section-grid-container h-section-boxed-container\">\n      <!---->\n      <div data-colibri-id=\"8597-c7\" class=\"h-row-container gutters-row-lg-0 gutters-row-md-0 gutters-row-2 gutters-row-v-lg-0 gutters-row-v-md-0 gutters-row-v-2 style-2310 style-local-8597-c7 position-relative\">\n        <!---->\n        <div class=\"h-row justify-content-lg-center justify-content-md-center justify-content-center align-items-lg-stretch align-items-md-stretch align-items-stretch gutters-col-lg-0 gutters-col-md-0 gutters-col-2 gutters-col-v-lg-0 gutters-col-v-md-0 gutters-col-v-2\">\n          <!---->\n          <div class=\"h-column h-column-container d-flex h-col-lg-auto h-col-md-auto h-col-auto style-2311-outer style-local-8597-c8-outer\">\n            <div data-colibri-id=\"8597-c8\" class=\"d-flex h-flex-basis h-column__inner h-px-lg-3 h-px-md-3 h-px-0 v-inner-lg-0 v-inner-md-0 v-inner-0 style-2311 style-local-8597-c8 position-relative\">\n              <!---->\n              <!---->\n              <div class=\"w-100 h-y-container h-column__content h-column__v-align flex-basis-100 align-self-lg-center align-self-md-center align-self-center\">\n                <!---->\n                <div data-colibri-id=\"8597-c10\" class=\"h-text h-text-component style-2313 style-local-8597-c10 position-relative h-element\">\n                  <!---->\n                  <!---->\n                  <div class=\"\">\n                    <p><span style=\"font-weight: 600; font-size: 16.8px;\">Hvad er familienetv\u00e6rket?<\/span><\/p>\n                    <p><span style=\"font-weight: 400;\">Familienetv\u00e6rket er et pusterum midt i hverdagens mange krav. Et tilbud til familier, b\u00f8rn, unge og voksne, som enten st\u00e5r med udfordringer i dagligdagen eller blot har brug for et givende f\u00e6llesskab at komme i.<\/span><\/p>\n                    <p><span style=\"font-weight: 400;\">Her kan du f\u00e5 en snak, en kop kaffe\/te, samt et m\u00e5ltid mad. Der vil ofte v\u00e6re et kort, interessant og inspirerende indl\u00e6g, samt en f\u00e6lles aktivitet.<\/span><\/p>\n                    <p><span style=\"font-weight: 400;\">Det er gratis at v\u00e6re med. Vi m\u00f8des <\/span><span style=\"font-weight: 400; color: rgb(224, 0, 0);\">hveranden&nbsp;tirsdag fra 16:00-19:00<\/span><span style=\"font-weight: 400;\">.<\/span><\/p>\n                  <\/div>\n                <\/div>\n              <\/div>\n            <\/div>\n          <\/div>\n          <div class=\"h-column h-column-container d-flex h-col-lg-auto h-col-md-auto h-col-auto style-2314-outer style-local-8597-c11-outer\">\n            <div data-colibri-id=\"8597-c11\" class=\"d-flex h-flex-basis h-column__inner h-ui-empty-state-container h-px-lg-0 h-px-md-0 h-px-0 v-inner-lg-0 v-inner-md-0 v-inner-0 style-2314 style-local-8597-c11 position-relative\">\n              <!---->\n              <!---->\n              <div class=\"w-100 h-y-container h-column__content h-column__v-align flex-basis-100\">\n                <!---->\n              <\/div>\n            <\/div>\n          <\/div>\n        <\/div>\n      <\/div>\n    <\/div>\n  <\/div>\n<\/div>","protected":false},"excerpt":{"rendered":"<p>Familienetv\u00e6rk Hvad er familienetv\u00e6rket? Familienetv\u00e6rket er et pusterum midt i hverdagens mange krav. Et tilbud til familier, b\u00f8rn, unge og voksne, som enten st\u00e5r med udfordringer i dagligdagen eller blot har brug for et givende f\u00e6llesskab at komme i. Her kan du f\u00e5 en snak, en kop kaffe\/te, samt et m\u00e5ltid mad. Der vil ofte [&hellip;]<\/p>\n","protected":false},"author":15,"featured_media":0,"parent":0,"menu_order":0,"comment_status":"closed","ping_status":"closed","template":"page-templates\/full-width-page.php","meta":{"footnotes":""},"class_list":["post-8597","page","type-page","status-publish","hentry"],"aioseo_notices":[],"publishpress_future_action":{"enabled":false,"date":"2026-05-22 04:46:56","action":"change-status","newStatus":"draft","terms":[],"taxonomy":"","extraData":[]},"publishpress_future_workflow_manual_trigger":{"enabledWorkflows":[]},"_links":{"self":[{"href":"https:\/\/aabenkirkeodense.dk\/en\/wp-json\/wp\/v2\/pages\/8597","targetHints":{"allow":["GET"]}}],"collection":[{"href":"https:\/\/aabenkirkeodense.dk\/en\/wp-json\/wp\/v2\/pages"}],"about":[{"href":"https:\/\/aabenkirkeodense.dk\/en\/wp-json\/wp\/v2\/types\/page"}],"author":[{"embeddable":true,"href":"https:\/\/aabenkirkeodense.dk\/en\/wp-json\/wp\/v2\/users\/15"}],"replies":[{"embeddable":true,"href":"https:\/\/aabenkirkeodense.dk\/en\/wp-json\/wp\/v2\/comments?post=8597"}],"version-history":[{"count":4,"href":"https:\/\/aabenkirkeodense.dk\/en\/wp-json\/wp\/v2\/pages\/8597\/revisions"}],"predecessor-version":[{"id":9621,"href":"https:\/\/aabenkirkeodense.dk\/en\/wp-json\/wp\/v2\/pages\/8597\/revisions\/9621"}],"wp:attachment":[{"href":"https:\/\/aabenkirkeodense.dk\/en\/wp-json\/wp\/v2\/media?parent=8597"}],"curies":[{"name":"wp","href":"https:\/\/api.w.org\/{rel}","templated":true}]}}