{"id":8588,"date":"2025-07-25T12:05:02","date_gmt":"2025-07-25T10:05:02","guid":{"rendered":"https:\/\/aabenkirkeodense.dk\/?page_id=8588"},"modified":"2025-10-29T10:28:27","modified_gmt":"2025-10-29T09:28:27","slug":"netvaerksgrupper","status":"publish","type":"page","link":"https:\/\/aabenkirkeodense.dk\/en\/netvaerksgrupper\/","title":{"rendered":"Networking groups"},"content":{"rendered":"<div data-colibri-id=\"8588-c1\" class=\"style-2281 style-local-8588-c1 position-relative\">\n  <!---->\n  <div data-colibri-component=\"section\" data-colibri-id=\"8588-c2\" id=\"header\" class=\"h-section h-section-global-spacing d-flex align-items-lg-end align-items-md-end align-items-end style-2282 style-local-8588-c2 position-relative\">\n    <div class=\"background-wrapper\">\n      <div class=\"background-layer background-layer-media-container-lg\">\n        <!---->\n        <div class=\"overlay-layer\">\n          <div class=\"overlay-image-layer\" style=\"background-image: linear-gradient(0deg, rgba(0, 0, 0, 0.51) 0%, rgba(0, 0, 0, 0.1) 100%);\"><\/div>\n        <\/div>\n      <\/div>\n      <div class=\"background-layer background-layer-media-container-md\">\n        <!---->\n        <div class=\"overlay-layer\">\n          <div class=\"overlay-image-layer\" style=\"background-image: linear-gradient(0deg, rgba(0, 0, 0, 0.51) 0%, rgba(0, 0, 0, 0.1) 100%);\"><\/div>\n        <\/div>\n      <\/div>\n      <div class=\"background-layer background-layer-media-container\">\n        <!---->\n        <div class=\"overlay-layer\">\n          <div class=\"overlay-image-layer\" style=\"background-image: linear-gradient(0deg, rgba(0, 0, 0, 0.51) 0%, rgba(0, 0, 0, 0.1) 100%);\"><\/div>\n        <\/div>\n      <\/div>\n    <\/div>\n    <!---->\n    <div class=\"h-section-grid-container h-section-boxed-container\">\n      <!---->\n      <div data-colibri-id=\"8588-c3\" class=\"h-row-container gutters-row-lg-2 gutters-row-md-2 gutters-row-2 gutters-row-v-lg-2 gutters-row-v-md-2 gutters-row-v-2 style-2283 style-local-8588-c3 position-relative\">\n        <!---->\n        <div class=\"h-row justify-content-lg-center justify-content-md-center justify-content-start align-items-lg-stretch align-items-md-stretch align-items-stretch gutters-col-lg-2 gutters-col-md-2 gutters-col-2 gutters-col-v-lg-2 gutters-col-v-md-2 gutters-col-v-2\">\n          <!---->\n          <div class=\"h-column h-column-container d-flex h-col-lg-auto h-col-md-auto h-col-auto style-2284-outer style-local-8588-c4-outer\">\n            <div data-colibri-id=\"8588-c4\" class=\"d-flex h-flex-basis h-column__inner h-px-lg-2 h-px-md-2 h-px-2 v-inner-lg-2 v-inner-md-2 v-inner-2 style-2284 style-local-8588-c4 position-relative\">\n              <!---->\n              <!---->\n              <div class=\"w-100 h-y-container h-column__content h-column__v-align flex-basis-100 align-self-lg-start align-self-md-start align-self-end\">\n                <!---->\n                <div data-colibri-id=\"8588-c5\" class=\"h-global-transition-all h-heading style-2285 style-local-8588-c5 position-relative h-element\">\n                  <!---->\n                  <div class=\"h-heading__outer style-2285 style-local-8588-c5\">\n                    <!---->\n                    <!---->\n                    <h1 class=\"\">Networking groups<\/h1>\n                  <\/div>\n                <\/div>\n              <\/div>\n            <\/div>\n          <\/div>\n        <\/div>\n      <\/div>\n    <\/div>\n  <\/div>\n  <div data-colibri-component=\"section\" data-colibri-id=\"8588-c10\" id=\"netvaerksgrupper\" class=\"h-section h-section-global-spacing d-flex align-items-lg-center align-items-md-center align-items-center style-2473 style-local-8588-c10 position-relative\">\n    <!---->\n    <!---->\n    <div class=\"h-section-grid-container h-section-boxed-container\">\n      <!---->\n      <div data-colibri-id=\"8588-c11\" class=\"h-row-container gutters-row-lg-2 gutters-row-md-2 gutters-row-2 gutters-row-v-lg-2 gutters-row-v-md-2 gutters-row-v-2 style-2477 style-local-8588-c11 position-relative\">\n        <!---->\n        <div class=\"h-row justify-content-lg-start justify-content-md-start justify-content-start align-items-lg-stretch align-items-md-stretch align-items-stretch gutters-col-lg-2 gutters-col-md-2 gutters-col-2 gutters-col-v-lg-2 gutters-col-v-md-2 gutters-col-v-2\">\n          <!---->\n          <div class=\"h-column h-column-container d-flex h-col-lg-auto h-col-md-auto h-col-auto style-2478-outer style-local-8588-c12-outer\">\n            <div data-colibri-id=\"8588-c12\" class=\"d-flex h-flex-basis h-column__inner h-px-lg-2 h-px-md-2 h-px-2 v-inner-lg-2 v-inner-md-2 v-inner-2 style-2478 style-local-8588-c12 position-relative\">\n              <!---->\n              <!---->\n              <div class=\"w-100 h-y-container h-column__content h-column__v-align flex-basis-100 align-self-lg-start align-self-md-start align-self-start\">\n                <!---->\n                <div data-colibri-id=\"8588-c13\" class=\"h-text h-text-component style-2479 style-local-8588-c13 position-relative h-element\">\n                  <!---->\n                  <!---->\n                  <div class=\"\">\n                    <p><span style=\"font-weight: 600; font-size: 120%;\">Hvad er netv\u00e6rksgrupper?<\/span><\/p>\n                    <p>I \u00c5benkirke tror vi, at tro og f\u00e6llesskab vokser bedst sammen med andre. Derfor m\u00f8des vi i netv\u00e6rksgrupper \u2013 mindre f\u00e6llesskaber, hvor man kan dele liv, tro og hverdag i et trygt og afslappet milj\u00f8. Her er plads til b\u00e5de grin og \u00e6rlige\n                      samtaler, til forb\u00f8n og st\u00f8tte, og til at l\u00e6re hinanden at kende p\u00e5 et dybere plan.<\/p>\n                    <p>Netv\u00e6rksgruppen er et sted, hvor du kan h\u00f8re til \u2013 uanset hvor du st\u00e5r i livet eller p\u00e5 din trosrejse. Her bliver Bibelen levende midt i hverdagen, og troen f\u00e5r lov at vokse gennem f\u00e6llesskab, tillid og n\u00e6rv\u00e6r. Hvis du l\u00e6nges efter\n                      at blive en del af et mindre f\u00e6llesskab, hvor der er tid til at blive set, h\u00f8rt og vokse sammen med andre, s\u00e5 er netv\u00e6rksgruppen et godt sted at starte.<\/p>\n                    <p><span style=\"font-weight: 600; font-size: 120%;\">Hvordan ser en gruppeaften ud?<\/span><\/p>\n                    <p>En gruppesamling vil typisk starte med ankomst, f\u00e6llesskab, kaffe og kage, efterfulgt af feks. en lovsangsvideo eller blot en b\u00f8n og derefter et afsnit af &#8220;fra stue til stue&#8221; (et uddrag af s\u00f8ndagens pr\u00e6diken), som altid l\u00e6gger op til\n                      dialog med nogle tankev\u00e6kkende sp\u00f8rgsm\u00e5l. Det hele rundes af med tid til b\u00f8n for hinanden.\n                      <br>\n                      <br>\n                    <\/p>\n                  <\/div>\n                <\/div>\n                <div data-colibri-id=\"8588-c14\" class=\"h-x-container style-2294 style-local-8588-c14 position-relative h-element\">\n                  <!---->\n                  <div class=\"h-x-container-inner style-dynamic-8588-c14-group style-2294-spacing style-local-8588-c14-spacing\"><span class=\"h-button__outer style-2295-outer style-local-8588-c15-outer d-inline-flex h-element\"><a h-use-smooth-scroll=\"true\" href=\"https:\/\/oco.churchsuite.com\/-\/forms\/wxqy3wus\"  data-colibri-id=\"8588-c15\" class=\"d-flex w-100 align-items-center h-button justify-content-lg-center justify-content-md-center justify-content-center style-2295 style-local-8588-c15 position-relative\"><!----><!----> <span>Tilmeld dig en gruppe<\/span><\/a>\n                    <\/span>\n                  <\/div>\n                <\/div>\n              <\/div>\n            <\/div>\n          <\/div>\n        <\/div>\n      <\/div>\n    <\/div>\n  <\/div>\n<\/div>","protected":false},"excerpt":{"rendered":"<p>Netv\u00e6rksgrupper Hvad er netv\u00e6rksgrupper? I \u00c5benkirke tror vi, at tro og f\u00e6llesskab vokser bedst sammen med andre. Derfor m\u00f8des vi i netv\u00e6rksgrupper \u2013 mindre f\u00e6llesskaber, hvor man kan dele liv, tro og hverdag i et trygt og afslappet milj\u00f8. Her er plads til b\u00e5de grin og \u00e6rlige samtaler, til forb\u00f8n og st\u00f8tte, og til at [&hellip;]<\/p>\n","protected":false},"author":15,"featured_media":0,"parent":0,"menu_order":0,"comment_status":"closed","ping_status":"closed","template":"page-templates\/full-width-page.php","meta":{"footnotes":""},"class_list":["post-8588","page","type-page","status-publish","hentry"],"aioseo_notices":[],"publishpress_future_action":{"enabled":false,"date":"2026-05-22 04:41:34","action":"change-status","newStatus":"draft","terms":[],"taxonomy":"","extraData":[]},"publishpress_future_workflow_manual_trigger":{"enabledWorkflows":[]},"_links":{"self":[{"href":"https:\/\/aabenkirkeodense.dk\/en\/wp-json\/wp\/v2\/pages\/8588","targetHints":{"allow":["GET"]}}],"collection":[{"href":"https:\/\/aabenkirkeodense.dk\/en\/wp-json\/wp\/v2\/pages"}],"about":[{"href":"https:\/\/aabenkirkeodense.dk\/en\/wp-json\/wp\/v2\/types\/page"}],"author":[{"embeddable":true,"href":"https:\/\/aabenkirkeodense.dk\/en\/wp-json\/wp\/v2\/users\/15"}],"replies":[{"embeddable":true,"href":"https:\/\/aabenkirkeodense.dk\/en\/wp-json\/wp\/v2\/comments?post=8588"}],"version-history":[{"count":9,"href":"https:\/\/aabenkirkeodense.dk\/en\/wp-json\/wp\/v2\/pages\/8588\/revisions"}],"predecessor-version":[{"id":9560,"href":"https:\/\/aabenkirkeodense.dk\/en\/wp-json\/wp\/v2\/pages\/8588\/revisions\/9560"}],"wp:attachment":[{"href":"https:\/\/aabenkirkeodense.dk\/en\/wp-json\/wp\/v2\/media?parent=8588"}],"curies":[{"name":"wp","href":"https:\/\/api.w.org\/{rel}","templated":true}]}}