{"id":8579,"date":"2025-07-25T12:02:01","date_gmt":"2025-07-25T10:02:01","guid":{"rendered":"https:\/\/aabenkirkeodense.dk\/unge\/"},"modified":"2025-10-28T11:58:15","modified_gmt":"2025-10-28T10:58:15","slug":"unge","status":"publish","type":"page","link":"https:\/\/aabenkirkeodense.dk\/en\/unge\/","title":{"rendered":"Young people"},"content":{"rendered":"<div data-colibri-id=\"8579-c1\" class=\"style-2265 style-local-8579-c1 position-relative\">\n  <!---->\n  <div data-colibri-component=\"section\" data-colibri-id=\"8579-c2\" id=\"header\" class=\"h-section h-section-global-spacing d-flex align-items-lg-end align-items-md-end align-items-end style-2266 style-local-8579-c2 position-relative\">\n    <div class=\"background-wrapper\">\n      <div class=\"background-layer background-layer-media-container-lg\">\n        <!---->\n        <div class=\"overlay-layer\">\n          <div class=\"overlay-image-layer\" style=\"background-color: rgb(0, 0, 0); opacity: 0.16;\"><\/div>\n        <\/div>\n      <\/div>\n      <div class=\"background-layer background-layer-media-container-md\">\n        <!---->\n        <div class=\"overlay-layer\">\n          <div class=\"overlay-image-layer\" style=\"background-color: rgb(0, 0, 0); opacity: 0.16;\"><\/div>\n        <\/div>\n      <\/div>\n      <div class=\"background-layer background-layer-media-container\">\n        <!---->\n        <div class=\"overlay-layer\">\n          <div class=\"overlay-image-layer\" style=\"background-color: rgb(0, 0, 0); opacity: 0.16;\"><\/div>\n        <\/div>\n      <\/div>\n    <\/div>\n    <!---->\n    <div class=\"h-section-grid-container h-section-boxed-container\">\n      <!---->\n      <div data-colibri-id=\"8579-c3\" class=\"h-row-container gutters-row-lg-2 gutters-row-md-2 gutters-row-2 gutters-row-v-lg-2 gutters-row-v-md-2 gutters-row-v-2 style-2267 style-local-8579-c3 position-relative\">\n        <!---->\n        <div class=\"h-row justify-content-lg-center justify-content-md-center justify-content-center align-items-lg-stretch align-items-md-stretch align-items-stretch gutters-col-lg-2 gutters-col-md-2 gutters-col-2 gutters-col-v-lg-2 gutters-col-v-md-2 gutters-col-v-2\">\n          <!---->\n          <div class=\"h-column h-column-container d-flex h-col-lg-auto h-col-md-auto h-col-auto style-2268-outer style-local-8579-c4-outer\">\n            <div data-colibri-id=\"8579-c4\" class=\"d-flex h-flex-basis h-column__inner h-px-lg-2 h-px-md-2 h-px-2 v-inner-lg-2 v-inner-md-2 v-inner-2 style-2268 style-local-8579-c4 position-relative\">\n              <!---->\n              <!---->\n              <div class=\"w-100 h-y-container h-column__content h-column__v-align flex-basis-100 align-self-lg-start align-self-md-start align-self-start\">\n                <!---->\n                <div data-colibri-id=\"8579-c5\" class=\"h-global-transition-all h-heading style-2269 style-local-8579-c5 position-relative h-element\">\n                  <!---->\n                  <div class=\"h-heading__outer style-2269 style-local-8579-c5\">\n                    <!---->\n                    <!---->\n                    <h1 class=\"\">Young people<\/h1>\n                  <\/div>\n                <\/div>\n              <\/div>\n            <\/div>\n          <\/div>\n        <\/div>\n      <\/div>\n    <\/div>\n  <\/div>\n  <div data-colibri-component=\"section\" data-colibri-id=\"8579-c6\" id=\"kortinfo\" class=\"h-section h-section-global-spacing d-flex align-items-lg-center align-items-md-center align-items-center style-2544 style-local-8579-c6 position-relative\">\n    <!---->\n    <!---->\n    <div class=\"h-section-grid-container h-section-boxed-container\">\n      <!---->\n      <div data-colibri-id=\"8579-c7\" class=\"h-row-container gutters-row-lg-0 gutters-row-md-0 gutters-row-2 gutters-row-v-lg-0 gutters-row-v-md-0 gutters-row-v-2 style-2545 style-local-8579-c7 position-relative\">\n        <!---->\n        <div class=\"h-row justify-content-lg-start justify-content-md-start justify-content-start align-items-lg-stretch align-items-md-stretch align-items-stretch gutters-col-lg-0 gutters-col-md-0 gutters-col-2 gutters-col-v-lg-0 gutters-col-v-md-0 gutters-col-v-2\">\n          <!---->\n          <div class=\"h-column h-column-container d-flex h-col-lg-auto h-col-md-auto h-col-auto style-2546-outer style-local-8579-c8-outer\">\n            <div data-colibri-id=\"8579-c8\" class=\"d-flex h-flex-basis h-column__inner h-px-lg-2 h-px-md-2 h-px-2 v-inner-lg-2 v-inner-md-2 v-inner-2 style-2546 style-local-8579-c8 position-relative\">\n              <!---->\n              <!---->\n              <div class=\"w-100 h-y-container h-column__content h-column__v-align flex-basis-100 align-self-lg-start align-self-md-start align-self-start\">\n                <!---->\n                <div data-colibri-id=\"8579-c9\" class=\"h-text h-text-component style-2547 style-local-8579-c9 position-relative h-element\">\n                  <!---->\n                  <!---->\n                  <div class=\"\">\n                    <p><span style=\"font-weight: 600; font-size: 120%;\">Et sted hvor unge vokser i troen<\/span><\/p>\n                    <p>I \u00c5benkirke er unge en vigtig del af f\u00e6llesskabet. Vi skaber rum, hvor tro, liv og f\u00e6llesskab kan m\u00f8des p\u00e5 en m\u00e5de, der giver mening for dig \u2013 uanset hvor du er i livet. Hos os kan du opleve f\u00e6llesskab, sjove aktiviteter, relevante\n                      samtaler og inspiration til troen. Det handler om at have det godt sammen, stille sp\u00f8rgsm\u00e5l, udfordre din tro og opdage, hvem Jesus er \u2013 samtidig med at du finder ud af, at du h\u00f8rer til.<\/p>\n                    <p>Vi tilbyder forskellige aktiviteter for unge, hvor du kan m\u00f8de nye mennesker, engagere dig og m\u00e6rke, at du er elsket, v\u00e6rdifuld og skabt med et form\u00e5l.<\/p>\n                  <\/div>\n                <\/div>\n              <\/div>\n            <\/div>\n          <\/div>\n        <\/div>\n      <\/div>\n      <div data-colibri-id=\"8579-c10\" class=\"h-row-container gutters-row-lg-0 gutters-row-md-0 gutters-row-0 gutters-row-v-lg-0 gutters-row-v-md-0 gutters-row-v-0 style-2548 style-local-8579-c10 position-relative\">\n        <!---->\n        <div class=\"h-row justify-content-lg-center justify-content-md-center justify-content-center align-items-lg-stretch align-items-md-stretch align-items-stretch gutters-col-lg-0 gutters-col-md-0 gutters-col-0 gutters-col-v-lg-0 gutters-col-v-md-0 gutters-col-v-0\">\n          <!---->\n          <div class=\"h-column h-column-container d-flex h-col-lg-auto h-col-md-auto h-col-auto style-2549-outer style-local-8579-c11-outer\">\n            <div data-colibri-id=\"8579-c11\" class=\"d-flex h-flex-basis h-column__inner h-px-lg-1 h-px-md-1 h-px-1 v-inner-lg-1 v-inner-md-1 v-inner-1 style-2549 style-local-8579-c11 position-relative\">\n              <!---->\n              <!---->\n              <div class=\"w-100 h-y-container h-column__content h-column__v-align flex-basis-100 align-self-lg-start align-self-md-start align-self-start\">\n                <!---->\n                <div data-colibri-id=\"8579-c12\" class=\"h-icon style-2550 style-local-8579-c12 position-relative h-element\">\n                  <!----><span class=\"h-svg-icon h-icon__icon style-2550-icon style-local-8579-c12-icon\"><!--Icon by Ionicons (https:\/\/ionicons.com)--><svg version=\"1.1\" xmlns=\"http:\/\/www.w3.org\/2000\/svg\" xmlns:xlink=\"http:\/\/www.w3.org\/1999\/xlink\" id=\"ios-arrow-down\" viewbox=\"0 0 320 512\"><path d=\"M301 160l19 21-160 171L0 181l19-21 141 150z\"><\/path><\/svg><\/span><\/div>\n              <\/div>\n            <\/div>\n          <\/div>\n        <\/div>\n      <\/div>\n    <\/div>\n  <\/div>\n  <div data-colibri-component=\"section\" data-colibri-id=\"8579-c13\" id=\"next\" class=\"h-section h-section-global-spacing d-flex align-items-lg-end align-items-md-end align-items-end style-2563 style-local-8579-c13 position-relative\">\n    <div class=\"background-wrapper\">\n      <div class=\"background-layer background-layer-media-container-lg\">\n        <!---->\n        <div class=\"overlay-layer\">\n          <div class=\"overlay-image-layer\" style=\"background-image: linear-gradient(0deg, rgba(0, 0, 0, 0.84) 7%, rgba(0, 0, 0, 0.23) 100%);\"><\/div>\n        <\/div>\n      <\/div>\n      <div class=\"background-layer background-layer-media-container-md\">\n        <!---->\n        <div class=\"overlay-layer\">\n          <div class=\"overlay-image-layer\" style=\"background-image: linear-gradient(0deg, rgba(0, 0, 0, 0.84) 7%, rgba(0, 0, 0, 0.23) 100%);\"><\/div>\n        <\/div>\n      <\/div>\n      <div class=\"background-layer background-layer-media-container\">\n        <!---->\n        <div class=\"overlay-layer\">\n          <div class=\"overlay-image-layer\" style=\"background-image: linear-gradient(0deg, rgba(0, 0, 0, 0.84) 7%, rgba(0, 0, 0, 0.23) 100%);\"><\/div>\n        <\/div>\n      <\/div>\n    <\/div>\n    <!---->\n    <div class=\"h-section-grid-container h-section-boxed-container\">\n      <!---->\n      <div data-colibri-id=\"8579-c14\" class=\"h-row-container gutters-row-lg-1 gutters-row-md-1 gutters-row-1 gutters-row-v-lg-1 gutters-row-v-md-1 gutters-row-v-1 style-2552 style-local-8579-c14 position-relative\">\n        <!---->\n        <div class=\"h-row justify-content-lg-center justify-content-md-center justify-content-center align-items-lg-stretch align-items-md-stretch align-items-stretch gutters-col-lg-1 gutters-col-md-1 gutters-col-1 gutters-col-v-lg-1 gutters-col-v-md-1 gutters-col-v-1\">\n          <!---->\n          <div class=\"h-column h-column-container d-flex h-col-lg-auto h-col-md-auto h-col-auto style-2553-outer style-local-8579-c15-outer\">\n            <div data-colibri-id=\"8579-c15\" class=\"d-flex h-flex-basis h-column__inner h-px-lg-2 h-px-md-2 h-px-2 v-inner-lg-2 v-inner-md-2 v-inner-2 style-2553 style-local-8579-c15 position-relative\">\n              <!---->\n              <!---->\n              <div class=\"w-100 h-y-container h-column__content h-column__v-align flex-basis-100 align-self-lg-start align-self-md-start align-self-start\">\n                <!---->\n                <div data-colibri-id=\"8579-c16\" class=\"h-global-transition-all h-heading style-2554 style-local-8579-c16 position-relative h-element\">\n                  <!---->\n                  <div class=\"h-heading__outer style-2554 style-local-8579-c16\">\n                    <!---->\n                    <!---->\n                    <h1 class=\"\">Next:UNG<\/h1>\n                  <\/div>\n                <\/div>\n                <div data-colibri-id=\"8579-c17\" class=\"h-text h-text-component style-2555 style-local-8579-c17 position-relative h-element\">\n                  <!---->\n                  <!---->\n                  <div class=\"\">\n                    <p>Hver onsdag 19:00 er der Next:Ung for dig p\u00e5 17-30 \u00e5r. Aftenernes indhold varierer, s\u00e5 der skiftesvist er Next:Social og Next:Focus. Du kan l\u00e6se mere om disse nedenunder, og du kan se i kalenderen, hvorn\u00e5r hvad sker.<\/p>\n                    <p><span style=\"font-weight: 600;\">Next:Social<\/span> starter med aftensmad sammen. Dern\u00e6st vil der v\u00e6re et kort &#8220;GOD-moment&#8221;, som kan best\u00e5 af f.eks. b\u00f8n eller en kort andagt. Hoveddelen af aftenen best\u00e5r af caf\u00e9, br\u00e6tspil, gode snakke\n                      og f\u00e6llesskab.<\/p>\n                    <p><span style=\"font-weight: 600;\">Next:Focus<\/span> starter med undervisning og lovsang, hvorefter vi deler os ud i mindre grupper og taler om undervisningen og deler liv med hinanden. Til sidst m\u00f8des vi allesammen igen til caf\u00e9 og f\u00e6llesskab.<\/p>\n                    <p>Derudover arrangeres ofte spontant sociale events (minigolf, aftensmad, film, bibelstudie).<\/p>\n                  <\/div>\n                <\/div>\n              <\/div>\n            <\/div>\n          <\/div>\n        <\/div>\n      <\/div>\n    <\/div>\n  <\/div>\n  <div data-colibri-component=\"section\" data-colibri-id=\"8579-c18\" id=\"in-house\" class=\"h-section h-section-global-spacing d-flex align-items-lg-end align-items-md-end align-items-end style-2562 style-local-8579-c18 position-relative\">\n    <div class=\"background-wrapper\">\n      <div class=\"background-layer background-layer-media-container-lg\">\n        <!---->\n        <div class=\"overlay-layer\">\n          <div class=\"overlay-image-layer\" style=\"background-image: linear-gradient(0deg, rgba(0, 0, 0, 0.84) 7%, rgba(0, 0, 0, 0.23) 100%);\"><\/div>\n        <\/div>\n      <\/div>\n      <div class=\"background-layer background-layer-media-container-md\">\n        <!---->\n        <div class=\"overlay-layer\">\n          <div class=\"overlay-image-layer\" style=\"background-image: linear-gradient(0deg, rgba(0, 0, 0, 0.84) 7%, rgba(0, 0, 0, 0.23) 100%);\"><\/div>\n        <\/div>\n      <\/div>\n      <div class=\"background-layer background-layer-media-container\">\n        <!---->\n        <div class=\"overlay-layer\">\n          <div class=\"overlay-image-layer\" style=\"background-image: linear-gradient(0deg, rgba(0, 0, 0, 0.84) 7%, rgba(0, 0, 0, 0.23) 100%);\"><\/div>\n        <\/div>\n      <\/div>\n    <\/div>\n    <!---->\n    <div class=\"h-section-grid-container h-section-boxed-container\">\n      <!---->\n      <div data-colibri-id=\"8579-c19\" class=\"h-row-container gutters-row-lg-1 gutters-row-md-1 gutters-row-1 gutters-row-v-lg-1 gutters-row-v-md-1 gutters-row-v-1 style-2552 style-local-8579-c19 position-relative\">\n        <!---->\n        <div class=\"h-row justify-content-lg-center justify-content-md-center justify-content-center align-items-lg-stretch align-items-md-stretch align-items-stretch gutters-col-lg-1 gutters-col-md-1 gutters-col-1 gutters-col-v-lg-1 gutters-col-v-md-1 gutters-col-v-1\">\n          <!---->\n          <div class=\"h-column h-column-container d-flex h-col-lg-auto h-col-md-auto h-col-auto style-2553-outer style-local-8579-c20-outer\">\n            <div data-colibri-id=\"8579-c20\" class=\"d-flex h-flex-basis h-column__inner h-px-lg-2 h-px-md-2 h-px-2 v-inner-lg-2 v-inner-md-2 v-inner-2 style-2553 style-local-8579-c20 position-relative\">\n              <!---->\n              <!---->\n              <div class=\"w-100 h-y-container h-column__content h-column__v-align flex-basis-100 align-self-lg-start align-self-md-start align-self-start\">\n                <!---->\n                <div data-colibri-id=\"8579-c21\" class=\"h-global-transition-all h-heading style-2554 style-local-8579-c21 position-relative h-element\">\n                  <!---->\n                  <div class=\"h-heading__outer style-2554 style-local-8579-c21\">\n                    <!---->\n                    <!---->\n                    <h1 class=\"\">In:House<\/h1>\n                  <\/div>\n                <\/div>\n                <div data-colibri-id=\"8579-c22\" class=\"h-text h-text-component style-2555 style-local-8579-c22 position-relative h-element\">\n                  <!---->\n                  <!---->\n                  <div class=\"\">\n                    <p>In:House er et \u00e5bent aftenm\u00f8de for alle unge, hvor vi skruer lidt op for feststemningen. Det foreg\u00e5r fredag aften et par gange om \u00e5ret. Til aftenm\u00f8det inviterer vi inspirerende talere, giver mere plads til musikken og giver den ekstra\n                      gas med caf\u00e9 og f\u00e6llesskab. <\/p>\n                    <p>D\u00f8rene \u00e5bner kl. 19.00, hvor caf\u00e9en er \u00e5ben med mulighed for at k\u00f8be noget l\u00e6kkert, og selve m\u00f8det begynder kl. 19.30. Efter m\u00f8det er der tid til hygge og f\u00e6llesskab i caf\u00e9en.<\/p>\n                  <\/div>\n                <\/div>\n              <\/div>\n            <\/div>\n          <\/div>\n        <\/div>\n      <\/div>\n    <\/div>\n  <\/div>\n  <div data-colibri-component=\"section\" data-colibri-id=\"8579-c23\" id=\"n-lan\" class=\"h-section h-section-global-spacing d-flex align-items-lg-end align-items-md-end align-items-end style-2551 style-local-8579-c23 position-relative\">\n    <div class=\"background-wrapper\">\n      <div class=\"background-layer background-layer-media-container-lg\">\n        <!---->\n        <div class=\"overlay-layer\">\n          <div class=\"overlay-image-layer\" style=\"background-image: linear-gradient(0deg, rgba(0, 0, 0, 0.84) 7%, rgba(0, 0, 0, 0.23) 100%);\"><\/div>\n        <\/div>\n      <\/div>\n      <div class=\"background-layer background-layer-media-container-md\">\n        <!---->\n        <div class=\"overlay-layer\">\n          <div class=\"overlay-image-layer\" style=\"background-image: linear-gradient(0deg, rgba(0, 0, 0, 0.84) 7%, rgba(0, 0, 0, 0.23) 100%);\"><\/div>\n        <\/div>\n      <\/div>\n      <div class=\"background-layer background-layer-media-container\">\n        <!---->\n        <div class=\"overlay-layer\">\n          <div class=\"overlay-image-layer\" style=\"background-image: linear-gradient(0deg, rgba(0, 0, 0, 0.84) 7%, rgba(0, 0, 0, 0.23) 100%);\"><\/div>\n        <\/div>\n      <\/div>\n    <\/div>\n    <!---->\n    <div class=\"h-section-grid-container h-section-boxed-container\">\n      <!---->\n      <div data-colibri-id=\"8579-c24\" class=\"h-row-container gutters-row-lg-1 gutters-row-md-1 gutters-row-1 gutters-row-v-lg-1 gutters-row-v-md-1 gutters-row-v-1 style-2552 style-local-8579-c24 position-relative\">\n        <!---->\n        <div class=\"h-row justify-content-lg-center justify-content-md-center justify-content-center align-items-lg-stretch align-items-md-stretch align-items-stretch gutters-col-lg-1 gutters-col-md-1 gutters-col-1 gutters-col-v-lg-1 gutters-col-v-md-1 gutters-col-v-1\">\n          <!---->\n          <div class=\"h-column h-column-container d-flex h-col-lg-auto h-col-md-auto h-col-auto style-2553-outer style-local-8579-c25-outer\">\n            <div data-colibri-id=\"8579-c25\" class=\"d-flex h-flex-basis h-column__inner h-px-lg-2 h-px-md-2 h-px-2 v-inner-lg-2 v-inner-md-2 v-inner-2 style-2553 style-local-8579-c25 position-relative\">\n              <!---->\n              <!---->\n              <div class=\"w-100 h-y-container h-column__content h-column__v-align flex-basis-100 align-self-lg-start align-self-md-start align-self-start\">\n                <!---->\n                <div data-colibri-id=\"8579-c26\" class=\"h-global-transition-all h-heading style-2554 style-local-8579-c26 position-relative h-element\">\n                  <!---->\n                  <div class=\"h-heading__outer style-2554 style-local-8579-c26\">\n                    <!---->\n                    <!---->\n                    <h1 class=\"\">N@-Lan<\/h1>\n                  <\/div>\n                <\/div>\n                <div data-colibri-id=\"8579-c27\" class=\"h-text h-text-component style-2555 style-local-8579-c27 position-relative h-element\">\n                  <!---->\n                  <!---->\n                  <div class=\"\">\n                    <p>N@-LAN er vores tilbagevendende gaming-event for alle \u2013 b\u00e5de gamere og dem, der bare elsker f\u00e6llesskab og sjov. Her m\u00f8des vi til en aften fyldt med gaming p\u00e5 computer, Nintendo Switch, Playstation og VR, turneringer, br\u00e6tspil og hyggelige\n                      stunder sammen. <\/p>\n                    <p>Uanset om du er hardcore gamer eller nybegynder, er der plads til dig! Vi s\u00f8rger for et sikkert og sjovt milj\u00f8, hvor alle kan v\u00e6re med. Selv hvis du ikke spiller, men bare vil nyde stemningen og m\u00f8de nye mennesker, er du mere end velkommen.&nbsp;Aftensmad\n                      kan k\u00f8bes, og caf\u00e9en holder \u00e5bent for snacks og drikkevarer hele aftenen.\n                      <br>\n                    <\/p>\n                  <\/div>\n                <\/div>\n              <\/div>\n            <\/div>\n          <\/div>\n        <\/div>\n      <\/div>\n    <\/div>\n  <\/div>\n  <div data-colibri-component=\"section\" data-colibri-id=\"8579-c28\" id=\"sekalender\" class=\"h-section h-section-global-spacing d-flex align-items-lg-center align-items-md-center align-items-center style-2556 style-local-8579-c28 position-relative\">\n    <!---->\n    <!---->\n    <div class=\"h-section-grid-container h-section-boxed-container\">\n      <!---->\n      <div data-colibri-id=\"8579-c29\" class=\"h-row-container gutters-row-lg-0 gutters-row-md-0 gutters-row-0 gutters-row-v-lg-0 gutters-row-v-md-0 gutters-row-v-0 style-2557 style-local-8579-c29 position-relative\">\n        <!---->\n        <div class=\"h-row justify-content-lg-center justify-content-md-center justify-content-center align-items-lg-stretch align-items-md-stretch align-items-stretch gutters-col-lg-0 gutters-col-md-0 gutters-col-0 gutters-col-v-lg-0 gutters-col-v-md-0 gutters-col-v-0\">\n          <!---->\n          <div class=\"h-column h-column-container d-flex h-col-lg-auto h-col-md-auto h-col-auto style-2558-outer style-local-8579-c30-outer\">\n            <div data-colibri-id=\"8579-c30\" class=\"d-flex h-flex-basis h-column__inner h-px-lg-0 h-px-md-0 h-px-0 v-inner-lg-0 v-inner-md-0 v-inner-0 style-2558 style-local-8579-c30 position-relative\">\n              <!---->\n              <!---->\n              <div class=\"w-100 h-y-container h-column__content h-column__v-align flex-basis-100 align-self-lg-start align-self-md-start align-self-start\">\n                <!---->\n                <div data-colibri-id=\"8579-c31\" class=\"h-text h-text-component style-2559 style-local-8579-c31 position-relative h-element\">\n                  <!---->\n                  <!---->\n                  <div class=\"\">\n                    <p>I \u00c5benkirke har vi mange aktiviteter og f\u00e6llesskabstilbud.\n                      <br>\u00d8nsker du et overblik over vores aktiviteter, kan du bes\u00f8ge vores kalender.<\/p>\n                  <\/div>\n                <\/div>\n                <div data-colibri-id=\"8579-c32\" class=\"h-x-container style-2560 style-local-8579-c32 position-relative h-element\">\n                  <!---->\n                  <div class=\"h-x-container-inner style-dynamic-8579-c32-group style-2560-spacing style-local-8579-c32-spacing\"><span class=\"h-button__outer style-2561-outer style-local-8579-c33-outer d-inline-flex h-element\"><a h-use-smooth-scroll=\"true\" href=\"https:\/\/aabenkirkeodense.dk\/en\/kalender-2\/\"  data-colibri-id=\"8579-c33\" class=\"d-flex w-100 align-items-center h-button justify-content-lg-center justify-content-md-center justify-content-center style-2561 style-local-8579-c33 position-relative\"><!----><!----> <span>Se kalender<\/span><\/a>\n                    <\/span>\n                  <\/div>\n                <\/div>\n              <\/div>\n            <\/div>\n          <\/div>\n        <\/div>\n      <\/div>\n    <\/div>\n  <\/div>\n<\/div>","protected":false},"excerpt":{"rendered":"<p>Unge Et sted hvor unge vokser i troen I \u00c5benkirke er unge en vigtig del af f\u00e6llesskabet. Vi skaber rum, hvor tro, liv og f\u00e6llesskab kan m\u00f8des p\u00e5 en m\u00e5de, der giver mening for dig \u2013 uanset hvor du er i livet. Hos os kan du opleve f\u00e6llesskab, sjove aktiviteter, relevante samtaler og inspiration til [&hellip;]<\/p>\n","protected":false},"author":15,"featured_media":0,"parent":0,"menu_order":0,"comment_status":"closed","ping_status":"closed","template":"page-templates\/full-width-page.php","meta":{"footnotes":""},"class_list":["post-8579","page","type-page","status-publish","hentry"],"aioseo_notices":[],"publishpress_future_action":{"enabled":false,"date":"2026-05-22 04:41:33","action":"change-status","newStatus":"draft","terms":[],"taxonomy":"","extraData":[]},"publishpress_future_workflow_manual_trigger":{"enabledWorkflows":[]},"_links":{"self":[{"href":"https:\/\/aabenkirkeodense.dk\/en\/wp-json\/wp\/v2\/pages\/8579","targetHints":{"allow":["GET"]}}],"collection":[{"href":"https:\/\/aabenkirkeodense.dk\/en\/wp-json\/wp\/v2\/pages"}],"about":[{"href":"https:\/\/aabenkirkeodense.dk\/en\/wp-json\/wp\/v2\/types\/page"}],"author":[{"embeddable":true,"href":"https:\/\/aabenkirkeodense.dk\/en\/wp-json\/wp\/v2\/users\/15"}],"replies":[{"embeddable":true,"href":"https:\/\/aabenkirkeodense.dk\/en\/wp-json\/wp\/v2\/comments?post=8579"}],"version-history":[{"count":11,"href":"https:\/\/aabenkirkeodense.dk\/en\/wp-json\/wp\/v2\/pages\/8579\/revisions"}],"predecessor-version":[{"id":9486,"href":"https:\/\/aabenkirkeodense.dk\/en\/wp-json\/wp\/v2\/pages\/8579\/revisions\/9486"}],"wp:attachment":[{"href":"https:\/\/aabenkirkeodense.dk\/en\/wp-json\/wp\/v2\/media?parent=8579"}],"curies":[{"name":"wp","href":"https:\/\/api.w.org\/{rel}","templated":true}]}}