{"id":8021,"date":"2025-06-28T20:40:56","date_gmt":"2025-06-28T18:40:56","guid":{"rendered":"https:\/\/jacobskirken.dk\/bed-for-mig\/"},"modified":"2026-01-29T10:58:20","modified_gmt":"2026-01-29T09:58:20","slug":"forboen","status":"publish","type":"page","link":"https:\/\/aabenkirkeodense.dk\/en\/forboen\/","title":{"rendered":"Forb\u00f8n"},"content":{"rendered":"<div data-colibri-id=\"8021-c1\" class=\"style-1490 style-local-8021-c1 position-relative\">\r\n  <!---->\r\n  <div data-colibri-component=\"section\" data-colibri-id=\"8021-c2\" id=\"header\" class=\"h-section h-section-global-spacing d-flex align-items-lg-end align-items-md-end align-items-end style-2059 style-local-8021-c2 position-relative\">\r\n    <div class=\"background-wrapper\">\r\n      <div class=\"background-layer background-layer-media-container-lg\">\r\n        <!---->\r\n        <div class=\"overlay-layer\">\r\n          <div class=\"overlay-image-layer\" style=\"background-color: rgb(0, 0, 0); opacity: 0.16;\"><\/div>\r\n        <\/div>\r\n      <\/div>\r\n      <div class=\"background-layer background-layer-media-container-md\">\r\n        <!---->\r\n        <div class=\"overlay-layer\">\r\n          <div class=\"overlay-image-layer\" style=\"background-color: rgb(0, 0, 0); opacity: 0.16;\"><\/div>\r\n        <\/div>\r\n      <\/div>\r\n      <div class=\"background-layer background-layer-media-container\">\r\n        <!---->\r\n        <div class=\"overlay-layer\">\r\n          <div class=\"overlay-image-layer\" style=\"background-color: rgb(0, 0, 0); opacity: 0.16;\"><\/div>\r\n        <\/div>\r\n      <\/div>\r\n    <\/div>\r\n    <!---->\r\n    <div class=\"h-section-grid-container h-section-boxed-container\">\r\n      <!---->\r\n      <div data-colibri-id=\"8021-c3\" class=\"h-row-container gutters-row-lg-0 gutters-row-md-0 gutters-row-2 gutters-row-v-lg-0 gutters-row-v-md-0 gutters-row-v-2 style-2060 style-local-8021-c3 position-relative\">\r\n        <!---->\r\n        <div class=\"h-row justify-content-lg-start justify-content-md-start justify-content-start align-items-lg-stretch align-items-md-stretch align-items-stretch gutters-col-lg-0 gutters-col-md-0 gutters-col-2 gutters-col-v-lg-0 gutters-col-v-md-0 gutters-col-v-2\">\r\n          <!---->\r\n          <div class=\"h-column h-column-container d-flex h-col-lg-auto h-col-md-auto h-col-auto style-2061-outer style-local-8021-c4-outer\">\r\n            <div data-colibri-id=\"8021-c4\" class=\"d-flex h-flex-basis h-column__inner h-px-lg-2 h-px-md-2 h-px-2 v-inner-lg-2 v-inner-md-2 v-inner-2 style-2061 style-local-8021-c4 position-relative\">\r\n              <!---->\r\n              <!---->\r\n              <div class=\"w-100 h-y-container h-column__content h-column__v-align flex-basis-100 align-self-lg-center align-self-md-center align-self-center\">\r\n                <!---->\r\n                <div data-colibri-id=\"8021-c5\" class=\"h-global-transition-all h-heading style-2062 style-local-8021-c5 position-relative h-element\">\r\n                  <!---->\r\n                  <div class=\"h-heading__outer style-2062 style-local-8021-c5\">\r\n                    <!---->\r\n                    <!---->\r\n                    <h1 class=\"\"><strong style=\"font-weight: 500;\">Forb\u00f8n<\/strong><\/h1>\r\n                  <\/div>\r\n                <\/div>\r\n              <\/div>\r\n            <\/div>\r\n          <\/div>\r\n        <\/div>\r\n      <\/div>\r\n    <\/div>\r\n  <\/div>\r\n  <div data-colibri-component=\"section\" data-colibri-id=\"8021-c6\" id=\"vi-tror-pa-at-bon-gor-en-forskel\" class=\"h-section h-section-global-spacing d-flex align-items-lg-center align-items-md-center align-items-center style-1491 style-local-8021-c6 position-relative\">\r\n    <!---->\r\n    <!---->\r\n    <div class=\"h-section-grid-container h-section-boxed-container\">\r\n      <!---->\r\n      <div data-colibri-id=\"8021-c7\" class=\"h-row-container gutters-row-lg-1 gutters-row-md-1 gutters-row-0 gutters-row-v-lg-1 gutters-row-v-md-1 gutters-row-v-2 style-1494 style-local-8021-c7 position-relative\">\r\n        <!---->\r\n        <div class=\"h-row justify-content-lg-center justify-content-md-center justify-content-center align-items-lg-stretch align-items-md-stretch align-items-stretch gutters-col-lg-1 gutters-col-md-1 gutters-col-0 gutters-col-v-lg-1 gutters-col-v-md-1 gutters-col-v-2\">\r\n          <!---->\r\n          <div class=\"h-column h-column-container d-flex h-col-lg-auto h-col-md-auto h-col-auto style-1495-outer style-local-8021-c8-outer\">\r\n            <div data-colibri-id=\"8021-c8\" class=\"d-flex h-flex-basis h-column__inner h-px-lg-1 h-px-md-1 h-px-2 v-inner-lg-1 v-inner-md-1 v-inner-2 style-1495 style-local-8021-c8 position-relative\">\r\n              <!---->\r\n              <!---->\r\n              <div class=\"w-100 h-y-container h-column__content h-column__v-align flex-basis-100 align-self-lg-center align-self-md-center align-self-center\">\r\n                <!---->\r\n                <div data-colibri-id=\"8021-c9\" class=\"h-global-transition-all h-heading style-1519 style-local-8021-c9 position-relative h-element\">\r\n                  <!---->\r\n                  <div class=\"h-heading__outer style-1519 style-local-8021-c9\">\r\n                    <!---->\r\n                    <!---->\r\n                    <h1 class=\"\"><strong style=\"font-weight: 700;\">B\u00f8n g\u00f8r en forskel<\/strong><\/h1>\r\n                  <\/div>\r\n                <\/div>\r\n                <div data-colibri-id=\"8021-c10\" class=\"h-text h-text-component style-1520 style-local-8021-c10 position-relative h-element\">\r\n                  <!---->\r\n                  <!---->\r\n                  <div class=\"\">\r\n                    <p>Vi tror p\u00e5, at b\u00f8n g\u00f8r en forskel. At Gud h\u00f8rer os, n\u00e5r vi beder \u2013 og at vi som kirke kan st\u00e5 sammen i b\u00e5de gl\u00e6de, h\u00e5b og kamp. Uanset om du st\u00e5r midt i en sv\u00e6r tid, har brug for fred, h\u00e5b eller helbredelse, s\u00e5 vil vi gerne bede sammen\r\n                      med dig. <span style=\"color: rgb(240, 0, 0);\">Du kan ops\u00f8ge forb\u00f8n p\u00e5 f\u00f8lgende m\u00e5der:<\/span><\/p>\r\n                  <\/div>\r\n                <\/div>\r\n              <\/div>\r\n            <\/div>\r\n          <\/div>\r\n          <div class=\"h-column h-column-container d-flex h-col-lg-auto h-col-md-auto h-col-auto style-1511-outer style-local-8021-c11-outer\">\r\n            <div data-colibri-id=\"8021-c11\" class=\"d-flex h-flex-basis h-column__inner h-px-lg-2 h-px-md-2 h-px-2 v-inner-lg-2 v-inner-md-2 v-inner-2 style-1511 style-local-8021-c11 position-relative\">\r\n              <!---->\r\n              <!---->\r\n              <div class=\"w-100 h-y-container h-column__content h-column__v-align flex-basis-100 align-self-lg-start align-self-md-start align-self-start\">\r\n                <!---->\r\n                <div data-toggle=\"true\" data-is-preview=\"true\" data-colibri-component=\"accordion\" data-colibri-id=\"8021-c12\" class=\"h-accordion style-1275 style-local-8021-c12 position-relative h-element\">\r\n                  <!---->\r\n                  <div data-colibri-id=\"8021-c13\" class=\"h-accordion-item h-accordion-item-first-child style-1276 style-local-8021-c13 position-relative h-element\">\r\n                    <!---->\r\n                    <a data-open-by-default=\"false\" href=\"#8021-c13\" class=\"h-accordion-item-title d-flex align-items-center h-global-transition\">\r\n                      <!----><span>Til en gudstjeneste<\/span>\r\n                      <div class=\"h-accordion-item-title-normal-icon h-accordion-item-title-icon h-accordion-item-title-icon-right\"><span class=\"h-svg-icon\"><!--Icon by Ionicons (https:\/\/ionicons.com)--><svg version=\"1.1\" xmlns=\"http:\/\/www.w3.org\/2000\/svg\" xmlns:xlink=\"http:\/\/www.w3.org\/1999\/xlink\" id=\"ios-arrow-down\" viewbox=\"0 0 320 512\"><path d=\"M301 160l19 21-160 171L0 181l19-21 141 150z\"><\/path><\/svg><\/span><\/div>\r\n                      <div class=\"h-accordion-item-title-active-icon h-accordion-item-title-icon h-accordion-item-title-icon-right\"><span class=\"h-svg-icon\"><!--Icon by Ionicons (https:\/\/ionicons.com)--><svg version=\"1.1\" xmlns=\"http:\/\/www.w3.org\/2000\/svg\" xmlns:xlink=\"http:\/\/www.w3.org\/1999\/xlink\" id=\"ios-arrow-up\" viewbox=\"0 0 320 512\"><path d=\"M301 352L160 202 19 352 0 331l160-171 160 171z\"><\/path><\/svg><\/span><\/div>\r\n                    <\/a>\r\n                    <div id=\"8021-c13\" class=\"h-accordion-item-content__container\">\r\n                      <div class=\"w-100 h-y-container h-accordion-item-content\">\r\n                        <!---->\r\n                        <div data-colibri-id=\"8021-c14\" class=\"h-text h-text-component style-1502 style-local-8021-c14 position-relative h-element\">\r\n                          <!---->\r\n                          <!---->\r\n                          <div class=\"\">\r\n                            <p>Efter hver gudstjeneste er der mulighed for personlig forb\u00f8n. Vores forb\u00f8nsteam st\u00e5r klar til at lytte og bede sammen med dig. Du beh\u00f8ver ikke forklare alt \u2013 bare kom, som du er.<\/p>\r\n                          <\/div>\r\n                        <\/div>\r\n                      <\/div>\r\n                    <\/div>\r\n                  <\/div>\r\n                  <div data-colibri-id=\"8021-c15\" class=\"h-accordion-item style-1278 style-local-8021-c15 position-relative h-element\">\r\n                    <!---->\r\n                    <a data-open-by-default=\"false\" href=\"#8021-c15\" class=\"h-accordion-item-title d-flex align-items-center h-global-transition\">\r\n                      <!----><span>SMS &amp; mail<\/span>\r\n                      <div class=\"h-accordion-item-title-normal-icon h-accordion-item-title-icon h-accordion-item-title-icon-right\"><span class=\"h-svg-icon\"><!--Icon by Ionicons (https:\/\/ionicons.com)--><svg version=\"1.1\" xmlns=\"http:\/\/www.w3.org\/2000\/svg\" xmlns:xlink=\"http:\/\/www.w3.org\/1999\/xlink\" id=\"ios-arrow-down\" viewbox=\"0 0 320 512\"><path d=\"M301 160l19 21-160 171L0 181l19-21 141 150z\"><\/path><\/svg><\/span><\/div>\r\n                      <div class=\"h-accordion-item-title-active-icon h-accordion-item-title-icon h-accordion-item-title-icon-right\"><span class=\"h-svg-icon\"><!--Icon by Ionicons (https:\/\/ionicons.com)--><svg version=\"1.1\" xmlns=\"http:\/\/www.w3.org\/2000\/svg\" xmlns:xlink=\"http:\/\/www.w3.org\/1999\/xlink\" id=\"ios-arrow-up\" viewbox=\"0 0 320 512\"><path d=\"M301 352L160 202 19 352 0 331l160-171 160 171z\"><\/path><\/svg><\/span><\/div>\r\n                    <\/a>\r\n                    <div id=\"8021-c15\" class=\"h-accordion-item-content__container\">\r\n                      <div class=\"w-100 h-y-container h-accordion-item-content\">\r\n                        <!---->\r\n                        <div data-colibri-id=\"8021-c16\" class=\"h-text h-text-component style-1504 style-local-8021-c16 position-relative h-element\">\r\n                          <!---->\r\n                          <!---->\r\n                          <div class=\"\">\r\n                            <p><span style=\"font-weight: 400;\">Du kan sende en SMS til <\/span><span style=\"color: rgb(240, 0, 0); font-weight: 400;\">61 30 61 91<\/span><span style=\"font-weight: 400;\"> med dit b\u00f8nneemne og navn. Herefter sendes der en besked ud til et netv\u00e6rk af mennesker fra kirken, der med gl\u00e6de vil bede for dig.<\/span><\/p>\r\n                            <p><span style=\"font-weight: 400;\">D<\/span><span style=\"font-weight: 400; font-size: 14px; font-family: Montserrat; color: rgb(0, 3, 51);\">u kan ogs\u00e5 skrive til <\/span><span style=\"font-weight: 400; font-size: 14px; font-family: Montserrat; color: rgb(240, 0, 0);\">odense@aabenkirke.dk<\/span>\r\n                              <span\r\n                                style=\"font-weight: 400; font-size: 14px; font-family: Montserrat; color: rgb(0, 3, 51);\">, hvorefter en mindre gruppe beder for dit emne.<\/span>\r\n                            <\/p>\r\n                          <\/div>\r\n                        <\/div>\r\n                      <\/div>\r\n                    <\/div>\r\n                  <\/div>\r\n                  <div data-colibri-id=\"8021-c17\" class=\"h-accordion-item style-1280 style-local-8021-c17 position-relative h-element\">\r\n                    <!---->\r\n                    <a data-open-by-default=\"false\" href=\"#8021-c17\" class=\"h-accordion-item-title d-flex align-items-center h-global-transition\">\r\n                      <!----><span>Personlig samtale &amp; forb\u00f8n<\/span>\r\n                      <div class=\"h-accordion-item-title-normal-icon h-accordion-item-title-icon h-accordion-item-title-icon-right\"><span class=\"h-svg-icon\"><!--Icon by Ionicons (https:\/\/ionicons.com)--><svg version=\"1.1\" xmlns=\"http:\/\/www.w3.org\/2000\/svg\" xmlns:xlink=\"http:\/\/www.w3.org\/1999\/xlink\" id=\"ios-arrow-down\" viewbox=\"0 0 320 512\"><path d=\"M301 160l19 21-160 171L0 181l19-21 141 150z\"><\/path><\/svg><\/span><\/div>\r\n                      <div class=\"h-accordion-item-title-active-icon h-accordion-item-title-icon h-accordion-item-title-icon-right\"><span class=\"h-svg-icon\"><!--Icon by Ionicons (https:\/\/ionicons.com)--><svg version=\"1.1\" xmlns=\"http:\/\/www.w3.org\/2000\/svg\" xmlns:xlink=\"http:\/\/www.w3.org\/1999\/xlink\" id=\"ios-arrow-up\" viewbox=\"0 0 320 512\"><path d=\"M301 352L160 202 19 352 0 331l160-171 160 171z\"><\/path><\/svg><\/span><\/div>\r\n                    <\/a>\r\n                    <div id=\"8021-c17\" class=\"h-accordion-item-content__container\">\r\n                      <div class=\"w-100 h-y-container h-accordion-item-content\">\r\n                        <!---->\r\n                        <div data-colibri-id=\"8021-c18\" class=\"h-text h-text-component style-1506 style-local-8021-c18 position-relative h-element\">\r\n                          <!---->\r\n                          <!---->\r\n                          <div class=\"\">\r\n                            <p><span style=\"font-weight: 400;\">Du kan eftersp\u00f8rge personlig samtale og forb\u00f8n ved at sende en mail til <\/span><span style=\"color: rgb(240, 0, 0); font-weight: 400;\">odense@aabenkirke.dk<\/span><span style=\"font-weight: 400;\">. Det vil typisk foreg\u00e5 i kirken p\u00e5 et aftalt tidspunkt.<\/span><\/p>\r\n                          <\/div>\r\n                        <\/div>\r\n                      <\/div>\r\n                    <\/div>\r\n                  <\/div>\r\n                <\/div>\r\n              <\/div>\r\n            <\/div>\r\n          <\/div>\r\n        <\/div>\r\n      <\/div>\r\n    <\/div>\r\n  <\/div>\r\n  <div data-colibri-component=\"section\" data-colibri-id=\"8021-c19\" id=\"reusable-sections\" class=\"h-section h-section-global-spacing d-flex align-items-lg-center align-items-md-center align-items-center style-2216 style-local-8021-c19 h-overflow-hidden position-relative\">\r\n    <!---->\r\n    <!---->\r\n    <div class=\"h-section-grid-container h-section-fluid-container\">\r\n      <!---->\r\n      <div data-colibri-id=\"8021-c20\" class=\"h-row-container gutters-row-lg-0 gutters-row-md-0 gutters-row-2 gutters-row-v-lg-0 gutters-row-v-md-0 gutters-row-v-2 style-2217 style-local-8021-c20 position-relative\">\r\n        <!---->\r\n        <div class=\"h-row justify-content-lg-center justify-content-md-center justify-content-center align-items-lg-stretch align-items-md-stretch align-items-stretch gutters-col-lg-0 gutters-col-md-0 gutters-col-2 gutters-col-v-lg-0 gutters-col-v-md-0 gutters-col-v-2\">\r\n          <!---->\r\n          <div class=\"h-column h-column-container d-flex h-col-lg-auto h-col-md-auto h-col-auto style-2218-outer style-local-8021-c21-outer\">\r\n            <div data-colibri-id=\"8021-c21\" class=\"d-flex h-flex-basis h-column__inner h-ui-empty-state-container h-px-lg-0 h-px-md-0 h-px-0 v-inner-lg-0 v-inner-md-0 v-inner-0 style-2218 style-local-8021-c21 position-relative\">\r\n              <!---->\r\n              <!---->\r\n              <div class=\"w-100 h-y-container h-column__content h-column__v-align flex-basis-100\">\r\n                <!---->\r\n              <\/div>\r\n            <\/div>\r\n          <\/div>\r\n          <div class=\"h-column h-column-container d-flex h-col-lg-auto h-col-md-auto h-col-auto style-2219-outer style-local-8021-c22-outer\">\r\n            <div data-colibri-id=\"8021-c22\" class=\"d-flex h-flex-basis h-column__inner h-px-lg-0 h-px-md-0 h-px-0 v-inner-lg-0 v-inner-md-0 v-inner-0 style-2219 style-local-8021-c22 position-relative\">\r\n              <!---->\r\n              <!---->\r\n              <div class=\"w-100 h-y-container h-column__content h-column__v-align flex-basis-100 align-self-lg-center align-self-md-center align-self-center\">\r\n                <!---->\r\n                <div data-colibri-id=\"8021-c23\" class=\"h-global-transition-all h-heading style-2220 style-local-8021-c23 position-relative h-element\">\r\n                  <!---->\r\n                  <div class=\"h-heading__outer style-2220 style-local-8021-c23\">\r\n                    <!---->\r\n                    <!---->\r\n                    <h2 class=\"\"><strong style=\"font-weight: 700;\">M\u00e5 vi h\u00f8re din historie?<\/strong><\/h2>\r\n                  <\/div>\r\n                <\/div>\r\n                <div data-colibri-id=\"8021-c24\" class=\"h-text h-text-component style-2221 style-local-8021-c24 position-relative h-element\">\r\n                  <!---->\r\n                  <!---->\r\n                  <div class=\"\">\r\n                    <p>Vi har allerede h\u00f8rt mange st\u00e6rke vidnesbyrd om, hvordan Gud har grebet ind gennem b\u00f8n. Mennesker har oplevet fred midt i uro, helbredelse, styrke i sv\u00e6re tider og konkrete b\u00f8nnesvar p\u00e5 store og sm\u00e5 ting i livet. Det er en stor opmuntring\r\n                      for os som kirke \u2013 og vi vil meget gerne h\u00f8re endnu flere historier!<\/p>\r\n                    <p>Hvis du har oplevet et b\u00f8nnesvar, efter du har bedt eller f\u00e5et forb\u00f8n, s\u00e5 del det gerne med os. Det kan v\u00e6re til stor opmuntring for andre, der st\u00e5r midt i deres kamp.<\/p>\r\n                    <p>Du kan dele dit vidnesbyrd ved at kontakte os personligt, sende en mail til <span style=\"color: rgb(240, 0, 0);\">odense@aabenkirke.dk<\/span> eller fort\u00e6lle det til forb\u00f8nsteamet efter gudstjenesten.<\/p>\r\n                    <p>Gud virker \u2013 og vi tror p\u00e5, at Han vil forts\u00e6tte med at svare p\u00e5 b\u00f8n.<\/p>\r\n                  <\/div>\r\n                <\/div>\r\n              <\/div>\r\n            <\/div>\r\n          <\/div>\r\n        <\/div>\r\n      <\/div>\r\n    <\/div>\r\n  <\/div>\r\n<\/div>","protected":false},"excerpt":{"rendered":"<p>Forb\u00f8n B\u00f8n g\u00f8r en forskel Vi tror p\u00e5, at b\u00f8n g\u00f8r en forskel. At Gud h\u00f8rer os, n\u00e5r vi beder \u2013 og at vi som kirke kan st\u00e5 sammen i b\u00e5de gl\u00e6de, h\u00e5b og kamp. Uanset om du st\u00e5r midt i en sv\u00e6r tid, har brug for fred, h\u00e5b eller helbredelse, s\u00e5 vil vi gerne [&hellip;]<\/p>\n","protected":false},"author":15,"featured_media":0,"parent":0,"menu_order":0,"comment_status":"closed","ping_status":"closed","template":"page-templates\/full-width-page.php","meta":{"footnotes":""},"class_list":["post-8021","page","type-page","status-publish","hentry"],"aioseo_notices":[],"publishpress_future_action":{"enabled":false,"date":"2026-05-22 04:42:12","action":"change-status","newStatus":"draft","terms":[],"taxonomy":"","extraData":[]},"publishpress_future_workflow_manual_trigger":{"enabledWorkflows":[]},"_links":{"self":[{"href":"https:\/\/aabenkirkeodense.dk\/en\/wp-json\/wp\/v2\/pages\/8021","targetHints":{"allow":["GET"]}}],"collection":[{"href":"https:\/\/aabenkirkeodense.dk\/en\/wp-json\/wp\/v2\/pages"}],"about":[{"href":"https:\/\/aabenkirkeodense.dk\/en\/wp-json\/wp\/v2\/types\/page"}],"author":[{"embeddable":true,"href":"https:\/\/aabenkirkeodense.dk\/en\/wp-json\/wp\/v2\/users\/15"}],"replies":[{"embeddable":true,"href":"https:\/\/aabenkirkeodense.dk\/en\/wp-json\/wp\/v2\/comments?post=8021"}],"version-history":[{"count":12,"href":"https:\/\/aabenkirkeodense.dk\/en\/wp-json\/wp\/v2\/pages\/8021\/revisions"}],"predecessor-version":[{"id":9600,"href":"https:\/\/aabenkirkeodense.dk\/en\/wp-json\/wp\/v2\/pages\/8021\/revisions\/9600"}],"wp:attachment":[{"href":"https:\/\/aabenkirkeodense.dk\/en\/wp-json\/wp\/v2\/media?parent=8021"}],"curies":[{"name":"wp","href":"https:\/\/api.w.org\/{rel}","templated":true}]}}