{"id":613,"date":"2020-01-17T12:33:06","date_gmt":"2020-01-17T12:33:06","guid":{"rendered":"http:\/\/newsite.jacobskirken.dk\/?page_id=613"},"modified":"2025-12-03T15:03:32","modified_gmt":"2025-12-03T14:03:32","slug":"privatlivspolitik","status":"publish","type":"page","link":"https:\/\/aabenkirkeodense.dk\/en\/privatlivspolitik\/","title":{"rendered":"Privatlivspolitik"},"content":{"rendered":"<div data-elementor-type=\"wp-page\" data-elementor-id=\"613\" class=\"elementor elementor-613\">\n\t\t\t\t\t\t<section class=\"elementor-section elementor-top-section elementor-element elementor-element-67c97b9 elementor-section-boxed elementor-section-height-default elementor-section-height-default\" data-id=\"67c97b9\" data-element_type=\"section\" data-e-type=\"section\">\n\t\t\t\t\t\t<div class=\"elementor-container elementor-column-gap-default\">\n\t\t\t\t\t<div class=\"elementor-column elementor-col-100 elementor-top-column elementor-element elementor-element-728d02d\" data-id=\"728d02d\" data-element_type=\"column\" data-e-type=\"column\">\n\t\t\t<div class=\"elementor-widget-wrap elementor-element-populated\">\n\t\t\t\t\t\t<div class=\"elementor-element elementor-element-58ee16c elementor-widget elementor-widget-heading\" data-id=\"58ee16c\" data-element_type=\"widget\" data-e-type=\"widget\" data-widget_type=\"heading.default\">\n\t\t\t\t<div class=\"elementor-widget-container\">\n\t\t\t\t\t<h4 class=\"elementor-heading-title elementor-size-default\">Dataansvar<\/h4>\t\t\t\t<\/div>\n\t\t\t\t<\/div>\n\t\t\t\t\t<\/div>\n\t\t<\/div>\n\t\t\t\t\t<\/div>\n\t\t<\/section>\n\t\t\t\t<section class=\"elementor-section elementor-top-section elementor-element elementor-element-5988ae5 elementor-section-boxed elementor-section-height-default elementor-section-height-default\" data-id=\"5988ae5\" data-element_type=\"section\" data-e-type=\"section\">\n\t\t\t\t\t\t<div class=\"elementor-container elementor-column-gap-default\">\n\t\t\t\t\t<div class=\"elementor-column elementor-col-100 elementor-top-column elementor-element elementor-element-e439503\" data-id=\"e439503\" data-element_type=\"column\" data-e-type=\"column\">\n\t\t\t<div class=\"elementor-widget-wrap elementor-element-populated\">\n\t\t\t\t\t\t<div class=\"elementor-element elementor-element-75414cf elementor-widget elementor-widget-text-editor\" data-id=\"75414cf\" data-element_type=\"widget\" data-e-type=\"widget\" data-widget_type=\"text-editor.default\">\n\t\t\t\t<div class=\"elementor-widget-container\">\n\t\t\t\t\t\t\t\t\t<p>Vi tager din databeskyttelse alvorligt. Vi behandler persondata og har derfor vedtaget denne privatlivsbeskyttelsespolitik, der fort\u00e6ller dig, hvordan vi behandler dine data.<\/p><p>\u00c5benkirke Odense er dataansvarlig, og vi sikrer, at dine persondata behandles i overensstemmelse med lovgivningen.<\/p>\t\t\t\t\t\t\t\t<\/div>\n\t\t\t\t<\/div>\n\t\t\t\t\t<\/div>\n\t\t<\/div>\n\t\t\t\t\t<\/div>\n\t\t<\/section>\n\t\t\t\t<section class=\"elementor-section elementor-top-section elementor-element elementor-element-900e7ea elementor-section-boxed elementor-section-height-default elementor-section-height-default\" data-id=\"900e7ea\" data-element_type=\"section\" data-e-type=\"section\">\n\t\t\t\t\t\t<div class=\"elementor-container elementor-column-gap-default\">\n\t\t\t\t\t<div class=\"elementor-column elementor-col-100 elementor-top-column elementor-element elementor-element-57757bf\" data-id=\"57757bf\" data-element_type=\"column\" data-e-type=\"column\">\n\t\t\t<div class=\"elementor-widget-wrap elementor-element-populated\">\n\t\t\t\t\t\t<div class=\"elementor-element elementor-element-70e842a elementor-widget elementor-widget-text-editor\" data-id=\"70e842a\" data-element_type=\"widget\" data-e-type=\"widget\" data-widget_type=\"text-editor.default\">\n\t\t\t\t<div class=\"elementor-widget-container\">\n\t\t\t\t\t\t\t\t\t<p><strong>Kontaktoplysninger:<\/strong><\/p>\n<p>Kontaktperson: Morten Aske Rasmussen<\/p>\n<p>Adresse: Thorsgade 40, 5000 Odense C<\/p>\n<p>CVR: 68102413<\/p>\n<p>Telefonnr.: 93 848 777<\/p>\n<p>E-mail: <a href=\"mailto:odense@aabenkirke..dk\">odense@aabenkirke..dk<\/a><\/p>\n<p>Hjemmeside: www.aabenkirkeodense.dk<\/p>\t\t\t\t\t\t\t\t<\/div>\n\t\t\t\t<\/div>\n\t\t\t\t\t<\/div>\n\t\t<\/div>\n\t\t\t\t\t<\/div>\n\t\t<\/section>\n\t\t\t\t<section class=\"elementor-section elementor-top-section elementor-element elementor-element-3c8ebf1 elementor-section-boxed elementor-section-height-default elementor-section-height-default\" data-id=\"3c8ebf1\" data-element_type=\"section\" data-e-type=\"section\">\n\t\t\t\t\t\t<div class=\"elementor-container elementor-column-gap-default\">\n\t\t\t\t\t<div class=\"elementor-column elementor-col-100 elementor-top-column elementor-element elementor-element-02c5f72\" data-id=\"02c5f72\" data-element_type=\"column\" data-e-type=\"column\">\n\t\t\t<div class=\"elementor-widget-wrap elementor-element-populated\">\n\t\t\t\t\t\t<div class=\"elementor-element elementor-element-3e59be7 elementor-widget elementor-widget-heading\" data-id=\"3e59be7\" data-element_type=\"widget\" data-e-type=\"widget\" data-widget_type=\"heading.default\">\n\t\t\t\t<div class=\"elementor-widget-container\">\n\t\t\t\t\t<h4 class=\"elementor-heading-title elementor-size-default\">Behandling af persondata<\/h4>\t\t\t\t<\/div>\n\t\t\t\t<\/div>\n\t\t\t\t\t<\/div>\n\t\t<\/div>\n\t\t\t\t\t<\/div>\n\t\t<\/section>\n\t\t\t\t<section class=\"elementor-section elementor-top-section elementor-element elementor-element-902c552 elementor-section-boxed elementor-section-height-default elementor-section-height-default\" data-id=\"902c552\" data-element_type=\"section\" data-e-type=\"section\">\n\t\t\t\t\t\t<div class=\"elementor-container elementor-column-gap-default\">\n\t\t\t\t\t<div class=\"elementor-column elementor-col-100 elementor-top-column elementor-element elementor-element-9703e4b\" data-id=\"9703e4b\" data-element_type=\"column\" data-e-type=\"column\">\n\t\t\t<div class=\"elementor-widget-wrap elementor-element-populated\">\n\t\t\t\t\t\t<div class=\"elementor-element elementor-element-84a4b56 elementor-widget elementor-widget-text-editor\" data-id=\"84a4b56\" data-element_type=\"widget\" data-e-type=\"widget\" data-widget_type=\"text-editor.default\">\n\t\t\t\t<div class=\"elementor-widget-container\">\n\t\t\t\t\t\t\t\t\t<p><strong>Vi sikrer fair og transparent databehandling<\/strong><\/p><p>N\u00e5r vi beder dig om at stille dine persondata til r\u00e5dighed for os, oplyser vi dig om, hvilke data vi behandler om dig og til hvilket form\u00e5l. Du modtager oplysning herom p\u00e5 tidspunktet for indsamling af dine persondata.\u00a0<\/p><p>\u00a0<\/p><p><strong>Vi anvender denne type data om dig<\/strong><\/p><p>Vi anvender data om dig for at g\u00f8re vores service bedre og sikre kvalitet i vores produkter og tjenester samt i vores kontakt med dig.\u00a0<\/p><p>Generelt indsamler vi syv typer af data:<\/p><ol><li>Data om ansatte og betroede ledere<\/li><li>Data om frivillige og g\u00e6stetalere<\/li><li>Data om \u00f8konomiske bidragydere<\/li><li>Medlemsdata<\/li><li>Data om deltagere i kirkens arrangementer<\/li><li>Data om modtagere af julehj\u00e6lp<\/li><li>Data om samarbejdspartnere<\/li><\/ol><p><strong>Vi indsamler og opbevarer dine persondata til bestemte form\u00e5l<\/strong><\/p><p>Vi indsamler navn, adresse, telefonnummer og e-mailadresse fra alle grupper. Form\u00e5let er at administrere den relation til os, som du har givet samtykke til.<\/p><p>Ad 1 og 2: Vi opbevarer<\/p><ul><li>cpr-nummer til brug for den lovpligtige indberetning til Skat.<\/li><li>de ansattes kontrakter og andre relevante dokumenter i forbindelse med ans\u00e6ttelsen.<\/li><li>betroede lederes samarbejdsaftaler og relevante dokumenter i forbindelse med deres forpligtelse til tjeneste.<\/li><li>frivilliges cpr-nummer i forbindelse med udbetaling af honorarer og k\u00f8rsel til brug for den lovpligtige indberetning til Skat.<\/li><li>fotos, video- og lydoptagelser til brug p\u00e5 website og sociale medier.<\/li><\/ul><p>Ad 3: For \u00f8konomiske bidragsydere, som har angivet, at de \u00f8nsker skattefradrag for deres bidrag, opbevarer vi ogs\u00e5 cpr-nummer til brug for vores indberetning til Skat.<\/p><p>Ad 4: Vi sender relevant info ud til vores medlemmer via &#8220;Fredagsmailen&#8221; hver fredag. Fredagsmailen er kirkens vigtigste informationskanal, hvor vi som udgangspunkt sender \u00e9n mail om ugen. I tilf\u00e6lde af s\u00e6rlig vigtig information, kan frekvensen dog variere. Du kan til enhver tid afmelde dig maillisten nederst i mailen, eller ved at bruge ovenst\u00e5ende kontaktoplysninger.<\/p><p>Ad 7: I den udstr\u00e6kning der foreligger bindende aftaleforhold opbevarer vi kontrakter og relevante dokumenter samt kontaktpersoners almindelige persondata i forbindelse med samarbejde med eksterne foreninger og organisationer.<\/p><p>\u00a0<\/p><p><strong>Vi behandler kun relevante persondata<\/strong><\/p><p>Vi behandler kun data om dig, der er relevante og tilstr\u00e6kkelige i forhold til de form\u00e5l, der er defineret ovenfor. Form\u00e5let er afg\u00f8rende for, hvilken type data om dig, der er relevante for os. Det samme g\u00e6lder omfanget af de persondata, vi indsamler. Vi indsamler fx ikke flere data, end dem, vi har brug for til det konkrete form\u00e5l.\u00a0<\/p><p>\u00a0<\/p><p><strong>Vi behandler kun n\u00f8dvendige persondata<\/strong><\/p><p>Vi indsamler, behandler og opbevarer kun de persondata, der er n\u00f8dvendige i forhold til at opfylde vores fastsatte form\u00e5l. Derudover kan det v\u00e6re bestemt ved lovgivning, hvilken type data der er n\u00f8dvendig at indsamle og opbevare for vores forretningsdrift \u2013 dette g\u00e6lder fx medlemsliste. Typen og omfanget af de persondata, vi behandler, kan ogs\u00e5 v\u00e6re n\u00f8dvendige for at opfylde en kontrakt eller en anden retlig forpligtelse \u2013 dette g\u00e6lder fx ved forpligtelseserkl\u00e6ringer og ans\u00e6ttelser.<\/p><p>\u00a0<\/p><p><strong>Vi kontrollerer og opdaterer dine persondata<\/strong><\/p><p>Vi kontrollerer, at de persondata, vi behandler om dig, ikke er urigtige eller vildledende. Vi s\u00f8rger ogs\u00e5 for at opdatere dine persondata l\u00f8bende.<\/p><p>Da vores service er afh\u00e6ngig af, at dine data er korrekte og opdaterede, beder vi dig oplyse os om relevante \u00e6ndringer i dine data. Du kan benytte kontaktoplysningerne ovenfor til at meddele os dine \u00e6ndringer.<\/p><p>\u00a0<\/p><p><strong>Vi sletter dine persondata, n\u00e5r de ikke l\u00e6ngere er n\u00f8dvendige<\/strong><\/p><p>Vi sletter dine persondata, n\u00e5r de ikke l\u00e6ngere er n\u00f8dvendige i forhold til det form\u00e5l, som var grunden til vores indsamling, behandling og opbevaring af dine data.<\/p><p>\u00a0<\/p><p><strong>Vi indhenter dit samtykke, inden vi behandler dine persondata<\/strong><\/p><p>Vi indhenter dit samtykke, inden vi behandler dine persondata til de form\u00e5l, der er beskrevet ovenfor,\u00a0med mindre vi har et lovligt grundlag for at indhente dem. Vi oplyser dig om et s\u00e5dant grundlag og om vores legitime interesse i at behandle dine persondata.<\/p><p>Dit samtykke er frivilligt, og du kan til enhver tid tr\u00e6kke det tilbage ved at henvende dig til os. Brug kontaktoplysningerne ovenfor, hvis du \u00f8nsker yderligere oplysninger.<br \/>Hvis du er under 18 \u00e5r, indhenter vi altid samtykke fra en for\u00e6ldremyndighedsindehaver foruden dit samtykke, inden vi behandler dine persondata som ovenfor beskrevet.<\/p><p>\u00a0<\/p><p><strong>Vi videregiver ikke dine persondata uden dit samtykke<\/strong><\/p><p>Hvis vi\u00a0videregiver dine persondata til samarbejdspartnere og akt\u00f8rer, indhenter vi dit samtykke og informerer\u00a0om, hvad dine data vil blive brugt til. Du kan til enhver tid g\u00f8re indsigelse mod denne form for videregivelse.<\/p><p>Vi indhenter ikke dit samtykke, hvis vi er retligt forpligtet til at videregive dine persondata, fx som led i indberetning til en myndighed.<\/p><p>\u00a0<\/p>\t\t\t\t\t\t\t\t<\/div>\n\t\t\t\t<\/div>\n\t\t\t\t\t<\/div>\n\t\t<\/div>\n\t\t\t\t\t<\/div>\n\t\t<\/section>\n\t\t\t\t<section class=\"elementor-section elementor-top-section elementor-element elementor-element-8a6449f elementor-section-boxed elementor-section-height-default elementor-section-height-default\" data-id=\"8a6449f\" data-element_type=\"section\" data-e-type=\"section\">\n\t\t\t\t\t\t<div class=\"elementor-container elementor-column-gap-default\">\n\t\t\t\t\t<div class=\"elementor-column elementor-col-100 elementor-top-column elementor-element elementor-element-4197a76\" data-id=\"4197a76\" data-element_type=\"column\" data-e-type=\"column\">\n\t\t\t<div class=\"elementor-widget-wrap elementor-element-populated\">\n\t\t\t\t\t\t<div class=\"elementor-element elementor-element-c0758f4 elementor-widget elementor-widget-heading\" data-id=\"c0758f4\" data-element_type=\"widget\" data-e-type=\"widget\" data-widget_type=\"heading.default\">\n\t\t\t\t<div class=\"elementor-widget-container\">\n\t\t\t\t\t<h4 class=\"elementor-heading-title elementor-size-default\">Sikkerhed<\/h4>\t\t\t\t<\/div>\n\t\t\t\t<\/div>\n\t\t\t\t\t<\/div>\n\t\t<\/div>\n\t\t\t\t\t<\/div>\n\t\t<\/section>\n\t\t\t\t<section class=\"elementor-section elementor-top-section elementor-element elementor-element-4eef9c7 elementor-section-boxed elementor-section-height-default elementor-section-height-default\" data-id=\"4eef9c7\" data-element_type=\"section\" data-e-type=\"section\">\n\t\t\t\t\t\t<div class=\"elementor-container elementor-column-gap-default\">\n\t\t\t\t\t<div class=\"elementor-column elementor-col-100 elementor-top-column elementor-element elementor-element-696edbe\" data-id=\"696edbe\" data-element_type=\"column\" data-e-type=\"column\">\n\t\t\t<div class=\"elementor-widget-wrap elementor-element-populated\">\n\t\t\t\t\t\t<div class=\"elementor-element elementor-element-5c04fc0 elementor-widget elementor-widget-text-editor\" data-id=\"5c04fc0\" data-element_type=\"widget\" data-e-type=\"widget\" data-widget_type=\"text-editor.default\">\n\t\t\t\t<div class=\"elementor-widget-container\">\n\t\t\t\t\t\t\t\t\t<p><strong>Vi beskytter dine persondata og har interne regler om informationssikkerhed<\/strong><\/p><p>Vi har vedtaget interne regler om informationssikkerhed, som indeholder instrukser og foranstaltninger, der beskytter dine persondata mod at blive tilintetgjort, g\u00e5 tabt eller blive \u00e6ndret, mod uautoriseret offentligg\u00f8relse, og mod at uvedkommende f\u00e5r adgang eller kendskab til dem.<\/p><p>\u00a0<\/p>\t\t\t\t\t\t\t\t<\/div>\n\t\t\t\t<\/div>\n\t\t\t\t\t<\/div>\n\t\t<\/div>\n\t\t\t\t\t<\/div>\n\t\t<\/section>\n\t\t\t\t<section class=\"elementor-section elementor-top-section elementor-element elementor-element-e8b1de0 elementor-section-boxed elementor-section-height-default elementor-section-height-default\" data-id=\"e8b1de0\" data-element_type=\"section\" data-e-type=\"section\">\n\t\t\t\t\t\t<div class=\"elementor-container elementor-column-gap-default\">\n\t\t\t\t\t<div class=\"elementor-column elementor-col-100 elementor-top-column elementor-element elementor-element-96b96a2\" data-id=\"96b96a2\" data-element_type=\"column\" data-e-type=\"column\">\n\t\t\t<div class=\"elementor-widget-wrap elementor-element-populated\">\n\t\t\t\t\t\t<div class=\"elementor-element elementor-element-9d44752 elementor-widget elementor-widget-heading\" data-id=\"9d44752\" data-element_type=\"widget\" data-e-type=\"widget\" data-widget_type=\"heading.default\">\n\t\t\t\t<div class=\"elementor-widget-container\">\n\t\t\t\t\t<h4 class=\"elementor-heading-title elementor-size-default\">Brug af cookies<\/h4>\t\t\t\t<\/div>\n\t\t\t\t<\/div>\n\t\t\t\t\t<\/div>\n\t\t<\/div>\n\t\t\t\t\t<\/div>\n\t\t<\/section>\n\t\t\t\t<section class=\"elementor-section elementor-top-section elementor-element elementor-element-18df0ca elementor-section-boxed elementor-section-height-default elementor-section-height-default\" data-id=\"18df0ca\" data-element_type=\"section\" data-e-type=\"section\">\n\t\t\t\t\t\t<div class=\"elementor-container elementor-column-gap-default\">\n\t\t\t\t\t<div class=\"elementor-column elementor-col-100 elementor-top-column elementor-element elementor-element-17530f1\" data-id=\"17530f1\" data-element_type=\"column\" data-e-type=\"column\">\n\t\t\t<div class=\"elementor-widget-wrap elementor-element-populated\">\n\t\t\t\t\t\t<div class=\"elementor-element elementor-element-5c3db29 elementor-widget elementor-widget-text-editor\" data-id=\"5c3db29\" data-element_type=\"widget\" data-e-type=\"widget\" data-widget_type=\"text-editor.default\">\n\t\t\t\t<div class=\"elementor-widget-container\">\n\t\t\t\t\t\t\t\t\t<p><strong>Cookies, form\u00e5l og relevans<\/strong><\/p><p>Vi placerer cookies p\u00e5 vores hjemmeside (se adressen \u00f8verst) for at forbedre din brugeroplevelse, n\u00e5r du navigerer rundt p\u00e5 siden.<\/p><p>\u00a0<\/p>\t\t\t\t\t\t\t\t<\/div>\n\t\t\t\t<\/div>\n\t\t\t\t\t<\/div>\n\t\t<\/div>\n\t\t\t\t\t<\/div>\n\t\t<\/section>\n\t\t\t\t<section class=\"elementor-section elementor-top-section elementor-element elementor-element-7039b4f elementor-section-boxed elementor-section-height-default elementor-section-height-default\" data-id=\"7039b4f\" data-element_type=\"section\" data-e-type=\"section\">\n\t\t\t\t\t\t<div class=\"elementor-container elementor-column-gap-default\">\n\t\t\t\t\t<div class=\"elementor-column elementor-col-100 elementor-top-column elementor-element elementor-element-6628f80\" data-id=\"6628f80\" data-element_type=\"column\" data-e-type=\"column\">\n\t\t\t<div class=\"elementor-widget-wrap elementor-element-populated\">\n\t\t\t\t\t\t<div class=\"elementor-element elementor-element-724e091 elementor-widget elementor-widget-heading\" data-id=\"724e091\" data-element_type=\"widget\" data-e-type=\"widget\" data-widget_type=\"heading.default\">\n\t\t\t\t<div class=\"elementor-widget-container\">\n\t\t\t\t\t<h4 class=\"elementor-heading-title elementor-size-default\">Dine rettigheder<\/h4>\t\t\t\t<\/div>\n\t\t\t\t<\/div>\n\t\t\t\t\t<\/div>\n\t\t<\/div>\n\t\t\t\t\t<\/div>\n\t\t<\/section>\n\t\t\t\t<section class=\"elementor-section elementor-top-section elementor-element elementor-element-0d78d88 elementor-section-boxed elementor-section-height-default elementor-section-height-default\" data-id=\"0d78d88\" data-element_type=\"section\" data-e-type=\"section\">\n\t\t\t\t\t\t<div class=\"elementor-container elementor-column-gap-default\">\n\t\t\t\t\t<div class=\"elementor-column elementor-col-100 elementor-top-column elementor-element elementor-element-2595746\" data-id=\"2595746\" data-element_type=\"column\" data-e-type=\"column\">\n\t\t\t<div class=\"elementor-widget-wrap elementor-element-populated\">\n\t\t\t\t\t\t<div class=\"elementor-element elementor-element-dd20e03 elementor-widget elementor-widget-text-editor\" data-id=\"dd20e03\" data-element_type=\"widget\" data-e-type=\"widget\" data-widget_type=\"text-editor.default\">\n\t\t\t\t<div class=\"elementor-widget-container\">\n\t\t\t\t\t\t\t\t\t<p><strong>Du har ret til at f\u00e5 adgang til dine persondata<\/strong><\/p><p>Du har til en enhver tid ret til at f\u00e5 oplyst, hvilke data vi behandler om dig, hvor de stammer fra, og hvad vi anvender dem til. Du kan ogs\u00e5 f\u00e5 oplyst, hvor l\u00e6nge vi opbevarer dine persondata, og hvem der modtager data om dig, i det omfang vi videregiver data i Danmark og i udlandet.<\/p><p>Hvis du anmoder om det, kan vi oplyse dig om de data, vi behandler om dig i et struktureret, almindeligt anvendt og maskinl\u00e6sbart format (dataportabilitet). Adgangen kan dog v\u00e6re begr\u00e6nset af hensyn til andre personers privatlivsbeskyttelse, til forretningshemmeligheder og immaterielle rettigheder.<\/p><p>Du kan g\u00f8re brug af dine rettigheder ved at henvende dig til os. Vores kontaktoplysninger finder du \u00f8verst.\u00a0<\/p><p>\u00a0<\/p><p><strong>Du har ret til at f\u00e5 un\u00f8jagtige persondata rettet eller slettet<\/strong><\/p><p>Hvis du mener, at de persondata, vi behandler om dig, er un\u00f8jagtige, har du ret til at f\u00e5 dem rettet. Du skal henvende dig til os og oplyse os om, hvori un\u00f8jagtighederne best\u00e5r, og hvordan de kan rettes.\u00a0<\/p><p>I nogle tilf\u00e6lde vil vi have en forpligtelse til at slette dine persondata. Det g\u00e6lder fx, hvis du tr\u00e6kker dit samtykke tilbage. Hvis du mener, at dine data ikke l\u00e6ngere er n\u00f8dvendige i forhold til det form\u00e5l, som vi indhentede dem til, kan du bede om at f\u00e5 dem slettet. Du kan ogs\u00e5 kontakte os, hvis du mener, at dine persondata bliver behandlet i strid med lovgivningen eller andre retlige forpligtelser.<\/p><p>N\u00e5r du henvender dig med en anmodning om at f\u00e5 rettet eller slettet dine persondata, unders\u00f8ger vi, om betingelserne er opfyldt, og gennemf\u00f8rer i s\u00e5 fald \u00e6ndringer eller sletning s\u00e5 hurtigt som muligt.<\/p><p>\u00a0<\/p><p><strong>Du har ret til at g\u00f8re indsigelse mod vores behandling af dine persondata.<\/strong><\/p><p>Du har ret til at g\u00f8re indsigelse mod vores behandling af dine persondata. Du kan bruge kontaktoplysningerne \u00f8verst til at sende en indsigelse. Hvis din indsigelse er berettiget, s\u00f8rger vi for at oph\u00f8re med behandlingen af dine persondata.\u00a0<\/p><p>\u00a0<\/p><p>Endelig kan du til enhver tid klage over vores behandling af dine personoplysninger til Datatilsynet, Borgergade 28, 5. Sal, 1330 K\u00f8benhavn K.<\/p>\t\t\t\t\t\t\t\t<\/div>\n\t\t\t\t<\/div>\n\t\t\t\t\t<\/div>\n\t\t<\/div>\n\t\t\t\t\t<\/div>\n\t\t<\/section>\n\t\t\t\t<section class=\"elementor-section elementor-top-section elementor-element elementor-element-0d69fd5 elementor-section-boxed elementor-section-height-default elementor-section-height-default\" data-id=\"0d69fd5\" data-element_type=\"section\" data-e-type=\"section\">\n\t\t\t\t\t\t<div class=\"elementor-container elementor-column-gap-default\">\n\t\t\t\t\t<div class=\"elementor-column elementor-col-100 elementor-top-column elementor-element elementor-element-b8594d8\" data-id=\"b8594d8\" data-element_type=\"column\" data-e-type=\"column\">\n\t\t\t<div class=\"elementor-widget-wrap\">\n\t\t\t\t\t\t\t<\/div>\n\t\t<\/div>\n\t\t\t\t\t<\/div>\n\t\t<\/section>\n\t\t\t\t<\/div>","protected":false},"excerpt":{"rendered":"<p>Dataansvar Vi tager din databeskyttelse alvorligt. Vi behandler persondata og har derfor vedtaget denne privatlivsbeskyttelsespolitik, der fort\u00e6ller dig, hvordan vi behandler dine data. \u00c5benkirke Odense er dataansvarlig, og vi sikrer, at dine persondata behandles i overensstemmelse med lovgivningen. Kontaktoplysninger: Kontaktperson: Morten Aske Rasmussen Adresse: Thorsgade 40, 5000 Odense C CVR: 68102413 Telefonnr.: 93 848 777 [&hellip;]<\/p>\n","protected":false},"author":3,"featured_media":0,"parent":0,"menu_order":0,"comment_status":"closed","ping_status":"closed","template":"","meta":{"footnotes":""},"class_list":["post-613","page","type-page","status-publish","hentry"],"aioseo_notices":[],"publishpress_future_action":{"enabled":false,"date":"2026-05-22 04:04:37","action":"change-status","newStatus":"draft","terms":[],"taxonomy":"","extraData":[]},"publishpress_future_workflow_manual_trigger":{"enabledWorkflows":[]},"_links":{"self":[{"href":"https:\/\/aabenkirkeodense.dk\/en\/wp-json\/wp\/v2\/pages\/613","targetHints":{"allow":["GET"]}}],"collection":[{"href":"https:\/\/aabenkirkeodense.dk\/en\/wp-json\/wp\/v2\/pages"}],"about":[{"href":"https:\/\/aabenkirkeodense.dk\/en\/wp-json\/wp\/v2\/types\/page"}],"author":[{"embeddable":true,"href":"https:\/\/aabenkirkeodense.dk\/en\/wp-json\/wp\/v2\/users\/3"}],"replies":[{"embeddable":true,"href":"https:\/\/aabenkirkeodense.dk\/en\/wp-json\/wp\/v2\/comments?post=613"}],"version-history":[{"count":23,"href":"https:\/\/aabenkirkeodense.dk\/en\/wp-json\/wp\/v2\/pages\/613\/revisions"}],"predecessor-version":[{"id":9781,"href":"https:\/\/aabenkirkeodense.dk\/en\/wp-json\/wp\/v2\/pages\/613\/revisions\/9781"}],"wp:attachment":[{"href":"https:\/\/aabenkirkeodense.dk\/en\/wp-json\/wp\/v2\/media?parent=613"}],"curies":[{"name":"wp","href":"https:\/\/api.w.org\/{rel}","templated":true}]}}