{"id":480,"date":"2020-01-17T09:49:51","date_gmt":"2020-01-17T09:49:51","guid":{"rendered":"http:\/\/newsite.jacobskirken.dk\/?page_id=480"},"modified":"2025-07-25T08:30:11","modified_gmt":"2025-07-25T06:30:11","slug":"giv","status":"publish","type":"page","link":"https:\/\/aabenkirkeodense.dk\/en\/giv\/","title":{"rendered":"Giv"},"content":{"rendered":"<div data-colibri-id=\"480-c1\" class=\"style-300 style-local-480-c1 position-relative\">\n  <!---->\n  <div data-colibri-component=\"section\" data-colibri-id=\"480-c20\" id=\"custom-3\" class=\"h-section h-section-global-spacing d-flex align-items-lg-center align-items-md-center align-items-center style-1242 style-local-480-c20 position-relative\">\n    <!---->\n    <!---->\n    <div class=\"h-section-grid-container h-section-boxed-container\">\n      <!---->\n      <div data-colibri-id=\"480-c21\" class=\"h-row-container gutters-row-lg-2 gutters-row-md-2 gutters-row-0 gutters-row-v-lg-2 gutters-row-v-md-2 gutters-row-v-2 style-1243 style-local-480-c21 position-relative\">\n        <!---->\n        <div class=\"h-row justify-content-lg-center justify-content-md-center justify-content-center align-items-lg-stretch align-items-md-stretch align-items-stretch gutters-col-lg-2 gutters-col-md-2 gutters-col-0 gutters-col-v-lg-2 gutters-col-v-md-2 gutters-col-v-2\">\n          <!---->\n          <div class=\"h-column h-column-container d-flex h-col-lg-auto h-col-md-auto h-col-auto style-1244-outer style-local-480-c22-outer\">\n            <div data-colibri-id=\"480-c22\" class=\"d-flex h-flex-basis h-column__inner h-px-lg-2 h-px-md-2 h-px-2 v-inner-lg-2 v-inner-md-2 v-inner-2 style-1244 style-local-480-c22 position-relative\">\n              <!---->\n              <!---->\n              <div class=\"w-100 h-y-container h-column__content h-column__v-align flex-basis-100 align-self-lg-start align-self-md-start align-self-start\">\n                <!---->\n                <div data-colibri-id=\"480-c25\" class=\"h-global-transition-all h-heading style-1247 style-local-480-c25 position-relative h-element\">\n                  <!---->\n                  <div class=\"h-heading__outer style-1247 style-local-480-c25\">\n                    <!---->\n                    <!---->\n                    <h1 class=\"\">\u00c5benkirke er noget vi skaber i f\u00e6llesskab<\/h1>\n                  <\/div>\n                <\/div>\n              <\/div>\n            <\/div>\n          <\/div>\n          <div class=\"h-column h-column-container d-flex h-col-lg-auto h-col-md-auto h-col-auto style-1245-outer style-local-480-c23-outer\">\n            <div data-colibri-id=\"480-c23\" class=\"d-flex h-flex-basis h-column__inner h-px-lg-2 h-px-md-2 h-px-2 v-inner-lg-2 v-inner-md-2 v-inner-2 style-1245 style-local-480-c23 position-relative\">\n              <!---->\n              <!---->\n              <div class=\"w-100 h-y-container h-column__content h-column__v-align flex-basis-100 align-self-lg-start align-self-md-start align-self-start\">\n                <!---->\n                <div data-colibri-id=\"480-c26\" class=\"h-text h-text-component style-1248 style-local-480-c26 position-relative h-element\">\n                  <!---->\n                  <!---->\n                  <div class=\"\">\n                    <p>\u00c5benkirke best\u00e5r af mange mennesker, som p\u00e5 forskellig vis bidrager med det, de kan. Vi har ikke kontingentbetaling eller adgang til statens kirkeskattemidler, men b\u00e6res af kirkens faste frivillige \u00f8konomiske bidragydere. Desuden pr\u00e6ges\n                      kirken af en frivillighedskultur, hvor st\u00f8rstedelen af kirkens medlemmer er involveret som medarbejdere i mindst \u00e9n arbejdsgren.<\/p>\n                  <\/div>\n                <\/div>\n              <\/div>\n            <\/div>\n          <\/div>\n        <\/div>\n      <\/div>\n    <\/div>\n  <\/div>\n  <div data-colibri-component=\"section\" data-colibri-id=\"480-c34\" id=\"custom-4\" class=\"h-section h-section-global-spacing d-flex align-items-lg-center align-items-md-center align-items-center style-1256 style-local-480-c34 position-relative\">\n    <!---->\n    <!---->\n    <div class=\"h-section-grid-container h-section-boxed-container\">\n      <!---->\n      <div data-colibri-id=\"480-c35\" class=\"h-row-container gutters-row-lg-2 gutters-row-md-2 gutters-row-0 gutters-row-v-lg-2 gutters-row-v-md-2 gutters-row-v-2 style-1257 style-local-480-c35 position-relative\">\n        <!---->\n        <div class=\"h-row justify-content-lg-center justify-content-md-center justify-content-center align-items-lg-stretch align-items-md-stretch align-items-stretch gutters-col-lg-2 gutters-col-md-2 gutters-col-0 gutters-col-v-lg-2 gutters-col-v-md-2 gutters-col-v-2\">\n          <!---->\n          <div class=\"h-column h-column-container d-flex h-col-lg-auto h-col-md-auto h-col-auto style-1258-outer style-local-480-c36-outer\">\n            <div data-colibri-id=\"480-c36\" class=\"d-flex h-flex-basis h-column__inner h-px-lg-2 h-px-md-2 h-px-2 v-inner-lg-2 v-inner-md-2 v-inner-2 style-1258 style-local-480-c36 position-relative\">\n              <!---->\n              <!---->\n              <div class=\"w-100 h-y-container h-column__content h-column__v-align flex-basis-100 align-self-lg-start align-self-md-start align-self-start\">\n                <!---->\n                <div data-toggle=\"true\" data-is-preview=\"true\" data-colibri-component=\"accordion\" data-colibri-id=\"480-c37\" class=\"h-accordion style-1259 style-local-480-c37 position-relative h-element\">\n                  <!---->\n                  <div data-colibri-id=\"480-c38\" class=\"h-accordion-item h-accordion-item-first-child style-1260 style-local-480-c38 position-relative h-element\">\n                    <!---->\n                    <a data-open-by-default=\"false\" href=\"#480-c38\" class=\"h-accordion-item-title d-flex align-items-center h-global-transition\">\n                      <!----><span>Hvordan kan jeg bidrage \u00f8konomisk?<\/span>\n                      <div class=\"h-accordion-item-title-normal-icon h-accordion-item-title-icon h-accordion-item-title-icon-right\"><span class=\"h-svg-icon\"><!--Icon by Icons8 Line Awesome (https:\/\/icons8.com\/line-awesome)--><svg version=\"1.1\" xmlns=\"http:\/\/www.w3.org\/2000\/svg\" xmlns:xlink=\"http:\/\/www.w3.org\/1999\/xlink\" id=\"plus\" viewbox=\"0 0 512 545.5\"><path d=\"M240 112h32v160h160v32H272v160h-32V304H80v-32h160V112z\"><\/path><\/svg><\/span><\/div>\n                      <div class=\"h-accordion-item-title-active-icon h-accordion-item-title-icon h-accordion-item-title-icon-right\"><span class=\"h-svg-icon\"><!--Icon by Icons8 Line Awesome (https:\/\/icons8.com\/line-awesome)--><svg version=\"1.1\" xmlns=\"http:\/\/www.w3.org\/2000\/svg\" xmlns:xlink=\"http:\/\/www.w3.org\/1999\/xlink\" id=\"minus\" viewbox=\"0 0 512 545.5\"><path d=\"M80 272h352v32H80v-32z\"><\/path><\/svg><\/span><\/div>\n                    <\/a>\n                    <div id=\"480-c38\" class=\"h-accordion-item-content__container\">\n                      <div class=\"w-100 h-y-container h-accordion-item-content\">\n                        <!---->\n                        <div data-colibri-id=\"480-c39\" class=\"h-text h-text-component style-1261 style-local-480-c39 position-relative h-element\">\n                          <!---->\n                          <!---->\n                          <div class=\"\">\n                            <p>Mange st\u00f8tter kirkens arbejde \u00f8konomisk og det kan du v\u00e6re en del af. At give til kirken er en meningsfuld handling af st\u00f8tte og f\u00e6llesskab<span style=\"color: rgb(255, 255, 255); font-family: Montserrat; font-size: 14px; font-weight: 400;\">, og det kan du v\u00e6re en del af.<\/span><\/p>\n                            <p>Du kan give et \u00f8konomisk bidrag til kirken p\u00e5 MobilePay: <em>32 696<\/em><\/p>\n                            <p>Du kan give via bankoverf\u00f8rsel til vores konto i Danske Bank:\n                              <br>Reg: <em>1569<\/em> &#8211; Konto: <em>0 39 83 65<\/em><\/p>\n                            <p>Har du brug for hj\u00e6lp til at finde en m\u00e5de at give p\u00e5, der giver mening for dig? S\u00e5 kan vi hj\u00e6lpe dig i gang.<\/p>\n                            <p>\n                              <br>\n                            <\/p>\n                          <\/div>\n                        <\/div>\n                      <\/div>\n                    <\/div>\n                  <\/div>\n                  <div data-colibri-id=\"480-c40\" class=\"h-accordion-item style-1262 style-local-480-c40 position-relative h-element\">\n                    <!---->\n                    <a data-open-by-default=\"false\" href=\"#480-c40\" class=\"h-accordion-item-title d-flex align-items-center h-global-transition\">\n                      <!----><span>Hvordan kan jeg blive frivillig?<\/span>\n                      <div class=\"h-accordion-item-title-normal-icon h-accordion-item-title-icon h-accordion-item-title-icon-right\"><span class=\"h-svg-icon\"><!--Icon by Icons8 Line Awesome (https:\/\/icons8.com\/line-awesome)--><svg version=\"1.1\" xmlns=\"http:\/\/www.w3.org\/2000\/svg\" xmlns:xlink=\"http:\/\/www.w3.org\/1999\/xlink\" id=\"plus\" viewbox=\"0 0 512 545.5\"><path d=\"M240 112h32v160h160v32H272v160h-32V304H80v-32h160V112z\"><\/path><\/svg><\/span><\/div>\n                      <div class=\"h-accordion-item-title-active-icon h-accordion-item-title-icon h-accordion-item-title-icon-right\"><span class=\"h-svg-icon\"><!--Icon by Icons8 Line Awesome (https:\/\/icons8.com\/line-awesome)--><svg version=\"1.1\" xmlns=\"http:\/\/www.w3.org\/2000\/svg\" xmlns:xlink=\"http:\/\/www.w3.org\/1999\/xlink\" id=\"minus\" viewbox=\"0 0 512 545.5\"><path d=\"M80 272h352v32H80v-32z\"><\/path><\/svg><\/span><\/div>\n                    <\/a>\n                    <div id=\"480-c40\" class=\"h-accordion-item-content__container\">\n                      <div class=\"w-100 h-y-container h-accordion-item-content\">\n                        <!---->\n                        <div data-colibri-id=\"480-c41\" class=\"h-text h-text-component style-1263 style-local-480-c41 position-relative h-element\">\n                          <!---->\n                          <!---->\n                          <div class=\"\">\n                            <p>Der er mange arbejdsgrene i kirken, s\u00e5 der er rig mulighed for at hj\u00e6lpe til ligemeget, om du synger, er god til teknik, elsker at lave praktiske opgaver, br\u00e6nder for at starte nye sociale initiativer op eller noget helt fjerde.<\/p>\n                            <p>Vi tror, at alle mennesker er givet gaver og talenter til f\u00e6lles gavn. Bring dine i spil ved at blive frivillig i \u00e9n eller flere af kirkens mange tjenester og aktiviteter. Skriv til os, hvad du er god til eller hvor du gerne\n                              vil hj\u00e6lpe til.<\/p>\n                          <\/div>\n                        <\/div>\n                      <\/div>\n                    <\/div>\n                  <\/div>\n                <\/div>\n              <\/div>\n            <\/div>\n          <\/div>\n        <\/div>\n      <\/div>\n    <\/div>\n  <\/div>\n<\/div>","protected":false},"excerpt":{"rendered":"<p>\u00c5benkirke er noget vi skaber i f\u00e6llesskab \u00c5benkirke best\u00e5r af mange mennesker, som p\u00e5 forskellig vis bidrager med det, de kan. Vi har ikke kontingentbetaling eller adgang til statens kirkeskattemidler, men b\u00e6res af kirkens faste frivillige \u00f8konomiske bidragydere. Desuden pr\u00e6ges kirken af en frivillighedskultur, hvor st\u00f8rstedelen af kirkens medlemmer er involveret som medarbejdere i mindst [&hellip;]<\/p>\n","protected":false},"author":3,"featured_media":0,"parent":0,"menu_order":0,"comment_status":"closed","ping_status":"closed","template":"page-templates\/full-width-page.php","meta":{"footnotes":""},"class_list":["post-480","page","type-page","status-publish","hentry"],"aioseo_notices":[],"publishpress_future_action":{"enabled":false,"date":"2026-05-22 06:05:53","action":"change-status","newStatus":"draft","terms":[],"taxonomy":"","extraData":[]},"publishpress_future_workflow_manual_trigger":{"enabledWorkflows":[]},"_links":{"self":[{"href":"https:\/\/aabenkirkeodense.dk\/en\/wp-json\/wp\/v2\/pages\/480","targetHints":{"allow":["GET"]}}],"collection":[{"href":"https:\/\/aabenkirkeodense.dk\/en\/wp-json\/wp\/v2\/pages"}],"about":[{"href":"https:\/\/aabenkirkeodense.dk\/en\/wp-json\/wp\/v2\/types\/page"}],"author":[{"embeddable":true,"href":"https:\/\/aabenkirkeodense.dk\/en\/wp-json\/wp\/v2\/users\/3"}],"replies":[{"embeddable":true,"href":"https:\/\/aabenkirkeodense.dk\/en\/wp-json\/wp\/v2\/comments?post=480"}],"version-history":[{"count":11,"href":"https:\/\/aabenkirkeodense.dk\/en\/wp-json\/wp\/v2\/pages\/480\/revisions"}],"predecessor-version":[{"id":8238,"href":"https:\/\/aabenkirkeodense.dk\/en\/wp-json\/wp\/v2\/pages\/480\/revisions\/8238"}],"wp:attachment":[{"href":"https:\/\/aabenkirkeodense.dk\/en\/wp-json\/wp\/v2\/media?parent=480"}],"curies":[{"name":"wp","href":"https:\/\/api.w.org\/{rel}","templated":true}]}}