{"id":1706,"date":"2020-09-24T22:31:38","date_gmt":"2020-09-24T20:31:38","guid":{"rendered":"https:\/\/jacobskirken.dk\/?page_id=1706"},"modified":"2026-01-29T13:34:46","modified_gmt":"2026-01-29T12:34:46","slug":"fredagsmail-tilmeldt","status":"publish","type":"page","link":"https:\/\/aabenkirkeodense.dk\/en\/fredagsmail\/fredagsmail-tilmeldt\/","title":{"rendered":"Fredagsmail tilmeldt"},"content":{"rendered":"<p class=\"has-text-align-center\">Du er hermed tilf\u00f8jet til Fredagsmailen!<\/p>\n\n\n\n<p class=\"has-text-align-center\">Du h\u00f8rer fra os liges\u00e5 snart det bliver fredag igen. \ud83d\ude42<\/p>\n\n\n\n<p><\/p>","protected":false},"excerpt":{"rendered":"<p>Du er hermed tilf\u00f8jet til Fredagsmailen! Du h\u00f8rer fra os liges\u00e5 snart det bliver fredag igen. \ud83d\ude42<\/p>","protected":false},"author":3,"featured_media":0,"parent":92,"menu_order":0,"comment_status":"closed","ping_status":"closed","template":"","meta":{"footnotes":""},"class_list":["post-1706","page","type-page","status-publish","hentry"],"aioseo_notices":[],"publishpress_future_action":{"enabled":false,"date":"2026-04-23 15:52:18","action":"change-status","newStatus":"draft","terms":[],"taxonomy":"","extraData":[]},"publishpress_future_workflow_manual_trigger":{"enabledWorkflows":[]},"_links":{"self":[{"href":"https:\/\/aabenkirkeodense.dk\/en\/wp-json\/wp\/v2\/pages\/1706","targetHints":{"allow":["GET"]}}],"collection":[{"href":"https:\/\/aabenkirkeodense.dk\/en\/wp-json\/wp\/v2\/pages"}],"about":[{"href":"https:\/\/aabenkirkeodense.dk\/en\/wp-json\/wp\/v2\/types\/page"}],"author":[{"embeddable":true,"href":"https:\/\/aabenkirkeodense.dk\/en\/wp-json\/wp\/v2\/users\/3"}],"replies":[{"embeddable":true,"href":"https:\/\/aabenkirkeodense.dk\/en\/wp-json\/wp\/v2\/comments?post=1706"}],"version-history":[{"count":3,"href":"https:\/\/aabenkirkeodense.dk\/en\/wp-json\/wp\/v2\/pages\/1706\/revisions"}],"predecessor-version":[{"id":10007,"href":"https:\/\/aabenkirkeodense.dk\/en\/wp-json\/wp\/v2\/pages\/1706\/revisions\/10007"}],"up":[{"embeddable":true,"href":"https:\/\/aabenkirkeodense.dk\/en\/wp-json\/wp\/v2\/pages\/92"}],"wp:attachment":[{"href":"https:\/\/aabenkirkeodense.dk\/en\/wp-json\/wp\/v2\/media?parent=1706"}],"curies":[{"name":"wp","href":"https:\/\/api.w.org\/{rel}","templated":true}]}}